{"id":728,"date":"2014-07-11T12:05:06","date_gmt":"2014-07-11T10:05:06","guid":{"rendered":"http:\/\/orgelbauverein-moelln.de\/?page_id=728"},"modified":"2019-01-25T00:28:17","modified_gmt":"2019-01-24T23:28:17","slug":"spenden","status":"publish","type":"page","link":"https:\/\/orgelbauverein-moelln.de\/?page_id=728","title":{"rendered":"SPENDEN"},"content":{"rendered":"<p><a href=\"https:\/\/orgelbauverein-moelln.de\/wp-content\/uploads\/2014\/07\/LetztesLoch.jpg\"><img loading=\"lazy\" decoding=\"async\" class=\"alignnone wp-image-1040 size-full\" src=\"https:\/\/orgelbauverein-moelln.de\/wp-content\/uploads\/2014\/07\/LetztesLoch.jpg\" alt=\"LetztesLoch\" width=\"961\" height=\"525\" title=\"SPENDEN\" srcset=\"https:\/\/orgelbauverein-moelln.de\/wp-content\/uploads\/2014\/07\/LetztesLoch.jpg 961w, https:\/\/orgelbauverein-moelln.de\/wp-content\/uploads\/2014\/07\/LetztesLoch-300x163.jpg 300w\" sizes=\"auto, (max-width: 961px) 100vw, 961px\" \/><\/a>[columns]<\/p>\n<p>Die Kirchturmuhren schlagen f\u00fcnf vor Zw\u00f6lf.\u00a0Die M\u00f6llner Orgel droht zu verfallen. Die Kosten f\u00fcr eine fachgerechte Restaurierung liegen bei\u00a01,7 Mio. Euro. Diese Summe ist allein von der\u00a0Kirchengemeinde nicht zu stemmen.<br \/>\nDeshalb brauchen wir Ihre Spende!\u00a0Helfen Sie, dieses historische\u00a0Kulturdenkmal zu retten!<\/p>\n<p><strong>Wir freuen uns \u00fcber einmalige\u00a0Beitr\u00e4ge genauso wie \u00fcber\u00a0Ihre <a href=\"http:\/\/orgelbauverein-moelln.de\/?page_id=664\">Mitgliedschaft in unserem Orgelbauverein<\/a>!<\/strong><\/p>\n<p><strong>Oder informieren Sie sich gern \u00fcber die M\u00f6glichkeiten einer <a href=\"http:\/\/orgelbauverein-moelln.de\/?page_id=651\">Pfeifenpatenschaft<\/a>!<\/strong><\/p>\n<p>[columns]<\/p>\n<p>[column size=&#8220;half&#8220; last=&#8220;no&#8220;]<\/p>\n<h3>\u00dcberweisung<\/h3>\n<p><a href=\"https:\/\/orgelbauverein-moelln.de\/wp-content\/uploads\/2014\/07\/Kontoverbindung1.jpg\"><img loading=\"lazy\" decoding=\"async\" class=\"alignnone wp-image-1149 size-full\" src=\"https:\/\/orgelbauverein-moelln.de\/wp-content\/uploads\/2014\/07\/Kontoverbindung1.jpg\" alt=\"Kontoverbindung1\" width=\"431\" height=\"289\" title=\"SPENDEN\" srcset=\"https:\/\/orgelbauverein-moelln.de\/wp-content\/uploads\/2014\/07\/Kontoverbindung1.jpg 431w, https:\/\/orgelbauverein-moelln.de\/wp-content\/uploads\/2014\/07\/Kontoverbindung1-300x201.jpg 300w\" sizes=\"auto, (max-width: 431px) 100vw, 431px\" \/><\/a><\/p>\n<h5>IBAN zum Kopieren f\u00fcr Ihr Online-Banking:<\/h5>\n<h5>\u00a0 \u00a0\u00a0 \u00a0\u00a0\u00a0\u00a0\u00a0\u00a0 <span style=\"text-decoration: underline; color: #993300;\"><strong>DE34520604100006435149<\/strong><\/span><\/h5>\n<p>&nbsp;<\/p>\n<p>Nach einer Geldzuwendung oder f\u00fcr den Mitgliedsbeitrag erhalten Sie eine Spendenbescheinigung als Best\u00e4tigung im Sinne des \u00a7 10b des Einkommenssteuergesetzes an eine der in \u00a7 5 Abs. 1 Nr. 9 des K\u00f6rperschaftssteuergesetzes bezeichneten K\u00f6rperschaften, Personenvereinigungen oder Verm\u00f6gensmassen.<\/p>\n<p>&nbsp;<\/p>\n","protected":false},"excerpt":{"rendered":"<p>[columns] Die Kirchturmuhren schlagen f\u00fcnf vor Zw\u00f6lf.\u00a0Die M\u00f6llner Orgel droht zu verfallen. Die Kosten f\u00fcr eine fachgerechte Restaurierung liegen bei\u00a01,7 Mio. Euro. Diese Summe ist allein von der\u00a0Kirchengemeinde nicht zu stemmen. Deshalb brauchen wir Ihre Spende!\u00a0Helfen Sie, dieses historische\u00a0Kulturdenkmal zu retten! Wir freuen uns \u00fcber einmalige\u00a0Beitr\u00e4ge genauso wie \u00fcber\u00a0Ihre Mitgliedschaft in unserem Orgelbauverein! Oder informieren [&hellip;]<\/p>\n","protected":false},"author":1,"featured_media":0,"parent":0,"menu_order":0,"comment_status":"closed","ping_status":"closed","template":"page-pagebuilder.php","meta":{"footnotes":""},"class_list":["post-728","page","type-page","status-publish","hentry"],"_links":{"self":[{"href":"https:\/\/orgelbauverein-moelln.de\/index.php?rest_route=\/wp\/v2\/pages\/728","targetHints":{"allow":["GET"]}}],"collection":[{"href":"https:\/\/orgelbauverein-moelln.de\/index.php?rest_route=\/wp\/v2\/pages"}],"about":[{"href":"https:\/\/orgelbauverein-moelln.de\/index.php?rest_route=\/wp\/v2\/types\/page"}],"author":[{"embeddable":true,"href":"https:\/\/orgelbauverein-moelln.de\/index.php?rest_route=\/wp\/v2\/users\/1"}],"replies":[{"embeddable":true,"href":"https:\/\/orgelbauverein-moelln.de\/index.php?rest_route=%2Fwp%2Fv2%2Fcomments&post=728"}],"version-history":[{"count":44,"href":"https:\/\/orgelbauverein-moelln.de\/index.php?rest_route=\/wp\/v2\/pages\/728\/revisions"}],"predecessor-version":[{"id":2312,"href":"https:\/\/orgelbauverein-moelln.de\/index.php?rest_route=\/wp\/v2\/pages\/728\/revisions\/2312"}],"wp:attachment":[{"href":"https:\/\/orgelbauverein-moelln.de\/index.php?rest_route=%2Fwp%2Fv2%2Fmedia&parent=728"}],"curies":[{"name":"wp","href":"https:\/\/api.w.org\/{rel}","templated":true}]}}