{"id":662,"date":"2014-07-10T12:00:59","date_gmt":"2014-07-10T10:00:59","guid":{"rendered":"http:\/\/orgelbauverein-moelln.de\/?page_id=662"},"modified":"2022-10-22T16:38:15","modified_gmt":"2022-10-22T15:38:15","slug":"veroeffentlichungen","status":"publish","type":"page","link":"https:\/\/orgelbauverein-moelln.de\/?page_id=662","title":{"rendered":"Ver\u00f6ffentlichungen"},"content":{"rendered":"<p style=\"text-align: left;\">[rev_slider orgelbroschuere2]<\/p>\n<h2 style=\"text-align: left;\">Die Orgelbrosch\u00fcre<\/h2>\n<p style=\"text-align: left;\">Die 2012 vorgelegte Brosch\u00fcre <strong>\u201eM\u00f6llner Stadtorgel \u2013 Orgelstadt M\u00f6lln\u201c<\/strong> m\u00f6chte, als informative Lekt\u00fcre, z.B. bei einem Schoppen Orgelwein, die Bedeutung unserer Orgel interessierten Lesern und Orgelfreunden n\u00e4her bringen. Denn das erhaltene Pfeifenwerk bedeutet einen Schatz, der in der norddeutschen Orgellandschaft -und weit dar\u00fcber hinaus- einzigartig ist!<\/p>\n<p style=\"text-align: left;\">\u00a0Ohne die Eule-Orgel in der Heilig\u2013Geist\u2013Kirche gering zu sch\u00e4tzen, ist die Scherer\u2013B\u00fcnting\u2013Orgel aufgrund des gro\u00dfen Bestands an wertvollen erhaltenen Pfeifen namhafter Orgelbaumeister seit der Gotik die beherrschende Orgel der Stadt. Und dank dieser \u00fcberregionalen Bedeutung l\u00e4sst sich daher mit Fug und Recht von der \u201eOrgelstadt M\u00f6lln\u201c sprechen.<\/p>\n<p style=\"text-align: left;\">\u00a0In Texten von Christian Brosse, Angelika Gerlach und Christian Lopau informiert die Schrift \u00fcber den Weg voller H\u00f6hen und Tiefen, den die Orgel an St. Nicolai im historischen Kontext bis heute genommen hat. Texte und Bilder beschreiben anschaulich und kurzweilig das Erleben des Orgelklanges, erl\u00e4utern die Funktionsweise der \u201eK\u00f6nigin der Instrumente\u201c und zeigen den aktuellen, besorgniserregenden Zustand unserer Orgel.<\/p>\n<p style=\"text-align: left;\"><strong>Die Brosch\u00fcre ist gegen eine Spende in der St. Nicolai-Kirche und im Kirchenb\u00fcro erh\u00e4ltich. <br \/><\/strong><\/p>\n<h2 style=\"text-align: left;\"><a href=\"https:\/\/orgelbauverein-moelln.de\/wp-content\/uploads\/2014\/07\/Rahmen_22.jpg\"><img loading=\"lazy\" decoding=\"async\" class=\"alignnone wp-image-916 size-large\" src=\"https:\/\/orgelbauverein-moelln.de\/wp-content\/uploads\/2014\/07\/Rahmen_22-1024x49.jpg\" alt=\"Rahmen_2\" width=\"1024\" height=\"49\" title=\"Ver\u00f6ffentlichungen\" srcset=\"https:\/\/orgelbauverein-moelln.de\/wp-content\/uploads\/2014\/07\/Rahmen_22-1024x49.jpg 1024w, https:\/\/orgelbauverein-moelln.de\/wp-content\/uploads\/2014\/07\/Rahmen_22-300x14.jpg 300w\" sizes=\"auto, (max-width: 1024px) 100vw, 1024px\" \/><\/a><\/h2>\n<p><a href=\"https:\/\/orgelbauverein-moelln.de\/wp-content\/uploads\/2021\/04\/Materialsammlung.jpg\"><img loading=\"lazy\" decoding=\"async\" class=\"alignnone wp-image-2833 size-medium\" src=\"https:\/\/orgelbauverein-moelln.de\/wp-content\/uploads\/2021\/04\/Materialsammlung-262x300.jpg\" alt=\"Materialsammlung 262x300\" width=\"262\" height=\"300\" title=\"Ver\u00f6ffentlichungen\" srcset=\"https:\/\/orgelbauverein-moelln.de\/wp-content\/uploads\/2021\/04\/Materialsammlung-262x300.jpg 262w, https:\/\/orgelbauverein-moelln.de\/wp-content\/uploads\/2021\/04\/Materialsammlung-896x1024.jpg 896w, https:\/\/orgelbauverein-moelln.de\/wp-content\/uploads\/2021\/04\/Materialsammlung-768x878.jpg 768w, https:\/\/orgelbauverein-moelln.de\/wp-content\/uploads\/2021\/04\/Materialsammlung-1344x1536.jpg 1344w, https:\/\/orgelbauverein-moelln.de\/wp-content\/uploads\/2021\/04\/Materialsammlung-1792x2048.jpg 1792w\" sizes=\"auto, (max-width: 262px) 100vw, 262px\" \/><\/a><\/p>\n<h2 style=\"text-align: left;\">Die Materialsammlung des Symposions<\/h2>\n<p style=\"text-align: left;\">Die Materialsammlung des Symposions <strong>\u201eDie historische Scherer-B\u00fcnting Orgel in M\u00f6lln \u2013 Wege der Rekonstruktion\u201c<\/strong> vom 23. \u2013 25. Januar 2009 enth\u00e4lt u.a. die w\u00e4hrend der Veranstaltung gehaltenen Vortr\u00e4ge:<\/p>\n<ul style=\"text-align: left;\">\n<li>(em) Dr. Eckardt Opitz: \u201cAb Urbe Condita. Einblicke in die Stadt- und Kirchengeschichte M\u00f6llns\u201c<\/li>\n<li>Stadtarchivar Christian Lopau: \u201cJohann Gottfried M\u00fcthel\u201d<\/li>\n<li>Erik Winkel (Fa. Flentrop): \u201ePfeifenuntersuchungen an St. Katharinen, Hamburg\u201c<\/li>\n<li>Orgelbaumeister Reinalt Johannes Klein: \u201eDie Dokumentation 2007\u201c<\/li>\n<li>Dr. h.c. Harald Vogel: \u201eM\u00f6glichkeiten und Grenzen der Denkmalpflege\u201c<\/li>\n<li>Dr. Marc Schaefer: \u201eAnmerkungen zur Temperatur\u201c<\/li>\n<\/ul>\n<p style=\"text-align: left;\">Bestandteil sind weiterhin diverse informative Anh\u00e4nge sowie die Abschrift der Podiumsdiskussion unter Leitung von KMD Hans-Martin Petersen mit Prof. Arvid Gast, Prof. h.c. Harald Vogel, OBM Kristian Wegscheider, Prof. Dr. Marc Schaefer, OBM Reinalt Johannes Klein.<\/p>\n<p style=\"text-align: left;\"><strong>Zu erhalten ist die Materialsammlung f\u00fcr 10,- \u20ac in der St. Nicolai-Kirche und im Kirchenb\u00fcro.<\/strong><\/p>\n<p><a href=\"https:\/\/orgelbauverein-moelln.de\/wp-content\/uploads\/2021\/04\/Materialsammlung.jpg\"><div class=\"_3d-flip-book  fb3d-fullscreen-mode full-size\" data-id=\"2828\" data-mode=\"fullscreen\" data-title=\"false\" data-template=\"short-white-book-view\" data-lightbox=\"dark-shadow\" data-urlparam=\"fb3d-page\" data-page-n=\"0\" data-pdf=\"\" data-tax=\"null\" data-thumbnail=\"\" data-cols=\"3\" data-book-template=\"default\" data-trigger=\"\"><\/div><script type=\"text\/javascript\">window.FB3D_CLIENT_DATA = window.FB3D_CLIENT_DATA || [];FB3D_CLIENT_DATA.push('eyJwb3N0cyI6eyIyODI4Ijp7IklEIjoyODI4LCJ0aXRsZSI6IkRpZSBNYXRlcmlhbHNhbW1sdW5nIiwidHlwZSI6InBkZiIsInJlYWR5X2Z1bmN0aW9uIjoiIiwiYm9va19zdHlsZSI6ImZsYXQiLCJib29rX3RlbXBsYXRlIjoibm9uZSIsIm91dGxpbmUiOltdLCJkYXRhIjp7InBvc3RfSUQiOiIyODIzIiwiZ3VpZCI6Imh0dHBzOlwvXC9vcmdlbGJhdXZlcmVpbi1tb2VsbG4uZGVcL3dwLWNvbnRlbnRcL3VwbG9hZHNcLzIwMjFcLzAzXC9NYXRlcmlhbHNhbW1sdW5nX0VuZHZlcnNpb25fMjAxMS5wZGYiLCJwZGZfcGFnZXMiOiIxNTkiLCJwYWdlc19jdXN0b21pemF0aW9uIjoibm9uZSJ9LCJ0aHVtYm5haWwiOnsiZGF0YSI6eyJwb3N0X0lEIjoiMCJ9LCJ0eXBlIjoiYXV0byJ9LCJwcm9wcyI6eyJjYWNoZWRQYWdlcyI6ImF1dG8iLCJyZW5kZXJJbmFjdGl2ZVBhZ2VzIjoiYXV0byIsInJlbmRlckluYWN0aXZlUGFnZXNPbk1vYmlsZSI6ImF1dG8iLCJyZW5kZXJXaGlsZUZsaXBwaW5nIjoiYXV0byIsInByZWxvYWRQYWdlcyI6ImF1dG8iLCJydGwiOiJhdXRvIiwic2hlZXQiOnsic3RhcnRWZWxvY2l0eSI6ImF1dG8iLCJ3YXZlIjoiYXV0byIsIndpZHRoVGV4ZWxzIjoiYXV0byIsImNvbG9yIjoiYXV0byIsInNpZGUiOiJhdXRvIiwiY29ybmVyRGV2aWF0aW9uIjoiYXV0byIsImZsZXhpYmlsaXR5IjoiYXV0byIsImZsZXhpYmxlQ29ybmVyIjoiYXV0byIsImJlbmRpbmciOiJhdXRvIiwiaGVpZ2h0VGV4ZWxzIjoiYXV0byJ9LCJjb3ZlciI6eyJ3YXZlIjoiYXV0byIsImNvbG9yIjoiYXV0byIsImJpbmRlclRleHR1cmUiOiJhdXRvIiwiZGVwdGgiOiJhdXRvIiwicGFkZGluZyI6ImF1dG8iLCJzdGFydFZlbG9jaXR5IjoiYXV0byIsImZsZXhpYmlsaXR5IjoiYXV0byIsImZsZXhpYmxlQ29ybmVyIjoiYXV0byIsImJlbmRpbmciOiJhdXRvIiwid2lkdGhUZXhlbHMiOiJhdXRvIiwiaGVpZ2h0VGV4ZWxzIjoiYXV0byIsIm1hc3MiOiJhdXRvIiwic2lkZSI6ImF1dG8ifSwicGFnZSI6eyJ3YXZlIjoiYXV0byIsImNvbG9yIjoiYXV0byIsImRlcHRoIjoiYXV0byIsInN0YXJ0VmVsb2NpdHkiOiJhdXRvIiwiZmxleGliaWxpdHkiOiJhdXRvIiwiZmxleGlibGVDb3JuZXIiOiJhdXRvIiwiYmVuZGluZyI6ImF1dG8iLCJ3aWR0aFRleGVscyI6ImF1dG8iLCJoZWlnaHRUZXhlbHMiOiJhdXRvIiwibWFzcyI6ImF1dG8iLCJzaWRlIjoiYXV0byJ9LCJoZWlnaHQiOiJhdXRvIiwid2lkdGgiOiJhdXRvIiwiZ3Jhdml0eSI6ImF1dG8iLCJwYWdlc0ZvclByZWRpY3RpbmciOiJhdXRvIn0sImNvbnRyb2xQcm9wcyI6eyJhY3Rpb25zIjp7ImNtZFNhdmUiOnsiZW5hYmxlZCI6ImF1dG8iLCJlbmFibGVkSW5OYXJyb3ciOiJhdXRvIn0sImNtZFByaW50Ijp7ImVuYWJsZWQiOiJhdXRvIiwiZW5hYmxlZEluTmFycm93IjoiYXV0byJ9LCJjbWRTaW5nbGVQYWdlIjp7ImVuYWJsZWQiOiJhdXRvIiwiZW5hYmxlZEluTmFycm93IjoiYXV0byIsImFjdGl2ZSI6ImF1dG8iLCJhY3RpdmVGb3JNb2JpbGUiOiJhdXRvIn19fSwiYXV0b1RodW1ibmFpbCI6Imh0dHBzOlwvXC9vcmdlbGJhdXZlcmVpbi1tb2VsbG4uZGVcL3dwLWNvbnRlbnRcL3VwbG9hZHNcLzNkLWZsaXAtYm9va1wvYXV0by10aHVtYm5haWxzXC8yODI4LnBuZyIsInBvc3RfbmFtZSI6ImRpZS1tYXRlcmlhbHNhbW1sdW5nIiwicG9zdF90eXBlIjoiM2QtZmxpcC1ib29rIn19LCJwYWdlcyI6W10sImZpcnN0UGFnZXMiOltdfQ==');window.FB3D_CLIENT_LOCALE && FB3D_CLIENT_LOCALE.render && FB3D_CLIENT_LOCALE.render();<\/script><\/a><\/p>\n<h2 style=\"text-align: left;\"><a href=\"https:\/\/orgelbauverein-moelln.de\/wp-content\/uploads\/2014\/07\/Rahmen_22.jpg\"><img loading=\"lazy\" decoding=\"async\" class=\"alignnone wp-image-916 size-large\" src=\"http:\/\/orgelbauverein-moelln.de\/wp-content\/uploads\/2014\/07\/Rahmen_22-1024x49.jpg\" alt=\"Rahmen_2\" width=\"1024\" height=\"49\" title=\"Ver\u00f6ffentlichungen\" srcset=\"https:\/\/orgelbauverein-moelln.de\/wp-content\/uploads\/2014\/07\/Rahmen_22-1024x49.jpg 1024w, https:\/\/orgelbauverein-moelln.de\/wp-content\/uploads\/2014\/07\/Rahmen_22-300x14.jpg 300w\" sizes=\"auto, (max-width: 1024px) 100vw, 1024px\" \/><\/a><\/h2>\n<p><a href=\"https:\/\/orgelbauverein-moelln.de\/wp-content\/uploads\/2021\/04\/Quellendokumentation-scaled.jpg\"><img loading=\"lazy\" decoding=\"async\" class=\"size-medium wp-image-2834 alignnone\" src=\"https:\/\/orgelbauverein-moelln.de\/wp-content\/uploads\/2021\/04\/Quellendokumentation-300x222.jpg\" alt=\"Quellendokumentation 300x222\" width=\"300\" height=\"222\" title=\"Ver\u00f6ffentlichungen\" srcset=\"https:\/\/orgelbauverein-moelln.de\/wp-content\/uploads\/2021\/04\/Quellendokumentation-300x222.jpg 300w, https:\/\/orgelbauverein-moelln.de\/wp-content\/uploads\/2021\/04\/Quellendokumentation-1024x757.jpg 1024w, https:\/\/orgelbauverein-moelln.de\/wp-content\/uploads\/2021\/04\/Quellendokumentation-768x568.jpg 768w, https:\/\/orgelbauverein-moelln.de\/wp-content\/uploads\/2021\/04\/Quellendokumentation-1536x1135.jpg 1536w, https:\/\/orgelbauverein-moelln.de\/wp-content\/uploads\/2021\/04\/Quellendokumentation-2048x1514.jpg 2048w\" sizes=\"auto, (max-width: 300px) 100vw, 300px\" \/><\/a><\/p>\n<h2 style=\"text-align: left;\" align=\"center\">Die Quellendokumentation<\/h2>\n<p>2010 hat Peter J\u00fcrs eine umfangreiche <strong>\u201eQuellendokumentation zur Geschichte der Jacob-Scherer-Orgel (Scherer \u2013 B\u00fcnting \u2013 Orgel) in St. Nicolai zu M\u00f6lln\u201c<\/strong> f\u00fcr den Zeitraum von 1413 bis 1855 vorgelegt.<\/p>\n<p>Nach zweij\u00e4hriger intensiver Forschungsarbeit in Archiven in M\u00f6lln, L\u00fcbeck und Schleswig er\u00f6ffnet J\u00fcrs anhand der erhaltenen Dokumente einen Blick auf die wechselvolle Geschichte des Instruments, beginnend mit dem von ihm als F\u00e4lschung entlarvten Datum 1413, der ersten verifizierten Dokumentation von 1436 bis zum ersten romantisierenden Umbau durch Fa. Marcussen 1855. Alle aufgefundenen Akten bis 1750 sind wortw\u00f6rtlich wiedergegeben, lateinische und mittelniederdeutsche Texte zudem ins Hochdeutsche \u00fcbertragen.<\/p>\n<p>Bestandteil der Dokumentation sind auch Belege und Informationen \u00fcber die in der untersuchten Zeit an St. Nicolai t\u00e4tigen Organisten.<\/p>\n<p><strong>Zu erhalten ist die gebundene Ausgabe f\u00fcr 12,- \u20ac in der St. Nicolai-Kirche und im Kirchenb\u00fcro.<\/strong><\/p>\n<div class=\"_3d-flip-book  fb3d-fullscreen-mode full-size\" data-id=\"2826\" data-mode=\"fullscreen\" data-title=\"false\" data-template=\"short-white-book-view\" data-lightbox=\"dark-shadow\" data-urlparam=\"fb3d-page\" data-page-n=\"0\" data-pdf=\"\" data-tax=\"null\" data-thumbnail=\"\" data-cols=\"3\" data-book-template=\"default\" data-trigger=\"\"><\/div><script type=\"text\/javascript\">window.FB3D_CLIENT_DATA = window.FB3D_CLIENT_DATA || [];FB3D_CLIENT_DATA.push('eyJwb3N0cyI6eyIyODI2Ijp7IklEIjoyODI2LCJ0aXRsZSI6IkRpZSBRdWVsbGVuZG9rdW1lbnRhdGlvbiIsInR5cGUiOiJwZGYiLCJyZWFkeV9mdW5jdGlvbiI6IiIsImJvb2tfc3R5bGUiOiJmbGF0IiwiYm9va190ZW1wbGF0ZSI6Im5vbmUiLCJvdXRsaW5lIjpbXSwiZGF0YSI6eyJwb3N0X0lEIjoiMjgyNCIsImd1aWQiOiJodHRwczpcL1wvb3JnZWxiYXV2ZXJlaW4tbW9lbGxuLmRlXC93cC1jb250ZW50XC91cGxvYWRzXC8yMDIxXC8wM1wvUXVlbGxlbmRva3VtZW50YXRpb24ucGRmIiwicGRmX3BhZ2VzIjoiMTQ4IiwicGFnZXNfY3VzdG9taXphdGlvbiI6Im5vbmUifSwidGh1bWJuYWlsIjp7ImRhdGEiOnsicG9zdF9JRCI6IjAifSwidHlwZSI6ImF1dG8ifSwicHJvcHMiOnsiY2FjaGVkUGFnZXMiOiJhdXRvIiwicmVuZGVySW5hY3RpdmVQYWdlcyI6ImF1dG8iLCJyZW5kZXJJbmFjdGl2ZVBhZ2VzT25Nb2JpbGUiOiJhdXRvIiwicmVuZGVyV2hpbGVGbGlwcGluZyI6ImF1dG8iLCJwcmVsb2FkUGFnZXMiOiJhdXRvIiwicnRsIjoiYXV0byIsInNoZWV0Ijp7InN0YXJ0VmVsb2NpdHkiOiJhdXRvIiwid2F2ZSI6ImF1dG8iLCJ3aWR0aFRleGVscyI6ImF1dG8iLCJjb2xvciI6ImF1dG8iLCJzaWRlIjoiYXV0byIsImNvcm5lckRldmlhdGlvbiI6ImF1dG8iLCJmbGV4aWJpbGl0eSI6ImF1dG8iLCJmbGV4aWJsZUNvcm5lciI6ImF1dG8iLCJiZW5kaW5nIjoiYXV0byIsImhlaWdodFRleGVscyI6ImF1dG8ifSwiY292ZXIiOnsid2F2ZSI6ImF1dG8iLCJjb2xvciI6ImF1dG8iLCJiaW5kZXJUZXh0dXJlIjoiYXV0byIsImRlcHRoIjoiYXV0byIsInBhZGRpbmciOiJhdXRvIiwic3RhcnRWZWxvY2l0eSI6ImF1dG8iLCJmbGV4aWJpbGl0eSI6ImF1dG8iLCJmbGV4aWJsZUNvcm5lciI6ImF1dG8iLCJiZW5kaW5nIjoiYXV0byIsIndpZHRoVGV4ZWxzIjoiYXV0byIsImhlaWdodFRleGVscyI6ImF1dG8iLCJtYXNzIjoiYXV0byIsInNpZGUiOiJhdXRvIn0sInBhZ2UiOnsid2F2ZSI6ImF1dG8iLCJjb2xvciI6ImF1dG8iLCJkZXB0aCI6ImF1dG8iLCJzdGFydFZlbG9jaXR5IjoiYXV0byIsImZsZXhpYmlsaXR5IjoiYXV0byIsImZsZXhpYmxlQ29ybmVyIjoiYXV0byIsImJlbmRpbmciOiJhdXRvIiwid2lkdGhUZXhlbHMiOiJhdXRvIiwiaGVpZ2h0VGV4ZWxzIjoiYXV0byIsIm1hc3MiOiJhdXRvIiwic2lkZSI6ImF1dG8ifSwiaGVpZ2h0IjoiYXV0byIsIndpZHRoIjoiYXV0byIsImdyYXZpdHkiOiJhdXRvIiwicGFnZXNGb3JQcmVkaWN0aW5nIjoiYXV0byJ9LCJjb250cm9sUHJvcHMiOnsiYWN0aW9ucyI6eyJjbWRTYXZlIjp7ImVuYWJsZWQiOiJhdXRvIiwiZW5hYmxlZEluTmFycm93IjoiYXV0byJ9LCJjbWRQcmludCI6eyJlbmFibGVkIjoiYXV0byIsImVuYWJsZWRJbk5hcnJvdyI6ImF1dG8ifSwiY21kU2luZ2xlUGFnZSI6eyJlbmFibGVkIjoiYXV0byIsImVuYWJsZWRJbk5hcnJvdyI6ImF1dG8iLCJhY3RpdmUiOiJhdXRvIiwiYWN0aXZlRm9yTW9iaWxlIjoiYXV0byJ9fX0sImF1dG9UaHVtYm5haWwiOiJodHRwczpcL1wvb3JnZWxiYXV2ZXJlaW4tbW9lbGxuLmRlXC93cC1jb250ZW50XC91cGxvYWRzXC8zZC1mbGlwLWJvb2tcL2F1dG8tdGh1bWJuYWlsc1wvMjgyNi5wbmciLCJwb3N0X25hbWUiOiJkaWUtcXVlbGxlbmRva3VtZW50YXRpb24iLCJwb3N0X3R5cGUiOiIzZC1mbGlwLWJvb2sifX0sInBhZ2VzIjpbXSwiZmlyc3RQYWdlcyI6W119');window.FB3D_CLIENT_LOCALE && FB3D_CLIENT_LOCALE.render && FB3D_CLIENT_LOCALE.render();<\/script>\n<p>\u00a0<\/p>\n<h2><a href=\"https:\/\/orgelbauverein-moelln.de\/wp-content\/uploads\/2014\/07\/Rahmen_22.jpg\"><img loading=\"lazy\" decoding=\"async\" class=\"alignnone wp-image-916 size-large\" src=\"http:\/\/orgelbauverein-moelln.de\/wp-content\/uploads\/2014\/07\/Rahmen_22-1024x49.jpg\" alt=\"Rahmen_2\" width=\"1024\" height=\"49\" title=\"Ver\u00f6ffentlichungen\" srcset=\"https:\/\/orgelbauverein-moelln.de\/wp-content\/uploads\/2014\/07\/Rahmen_22-1024x49.jpg 1024w, https:\/\/orgelbauverein-moelln.de\/wp-content\/uploads\/2014\/07\/Rahmen_22-300x14.jpg 300w\" sizes=\"auto, (max-width: 1024px) 100vw, 1024px\" \/><\/a><\/h2>\n\n\n<p><\/p>\n\n\n\n<h2 class=\"wp-block-heading\">Die Einweihung<\/h2>\n\n\n\n<p>Am Festwochenende vom 6. bis 8. Mai wurde die Scherer-B\u00fcnting-Orgel eingeweiht.<\/p>\n\n\n\n<p>Die Festschrift und das Programm zur Orgelweihe sind in der St. Nicolai-Kirche und im Kirchenb\u00fcro erh\u00e4ltlich. Die Festschrift kostet 10 \u20ac.<\/p>\n\n\n\n<p><strong>Programm<\/strong><\/p>\n\n\n\n<div class=\"_3d-flip-book  fb3d-fullscreen-mode full-size\" data-id=\"3050\" data-mode=\"fullscreen\" data-title=\"false\" data-template=\"short-white-book-view\" data-lightbox=\"dark-shadow\" data-urlparam=\"fb3d-page\" data-page-n=\"0\" data-pdf=\"\" data-tax=\"null\" data-thumbnail=\"\" data-cols=\"3\" data-book-template=\"default\" data-trigger=\"\"><\/div><script type=\"text\/javascript\">window.FB3D_CLIENT_DATA = window.FB3D_CLIENT_DATA || [];FB3D_CLIENT_DATA.push('eyJwb3N0cyI6eyIzMDUwIjp7IklEIjozMDUwLCJ0aXRsZSI6IlByb2dyYW1taGVmdCIsInR5cGUiOiJwZGYiLCJyZWFkeV9mdW5jdGlvbiI6IiIsImJvb2tfc3R5bGUiOiJ2b2x1bWUiLCJib29rX3RlbXBsYXRlIjoibm9uZSIsIm91dGxpbmUiOltdLCJkYXRhIjp7InBvc3RfSUQiOiIzMDU0IiwiZ3VpZCI6Imh0dHBzOlwvXC9vcmdlbGJhdXZlcmVpbi1tb2VsbG4uZGVcL3dwLWNvbnRlbnRcL3VwbG9hZHNcLzIwMjJcLzEwXC9Qcm9ncmFtbWhlZnQucGRmIiwicGRmX3BhZ2VzIjoiMzEiLCJwYWdlc19jdXN0b21pemF0aW9uIjoibm9uZSJ9LCJ0aHVtYm5haWwiOnsiZGF0YSI6eyJwb3N0X0lEIjoiMCJ9LCJ0eXBlIjoiYXV0byJ9LCJwcm9wcyI6eyJjYWNoZWRQYWdlcyI6ImF1dG8iLCJyZW5kZXJJbmFjdGl2ZVBhZ2VzIjoiYXV0byIsInJlbmRlckluYWN0aXZlUGFnZXNPbk1vYmlsZSI6ImF1dG8iLCJyZW5kZXJXaGlsZUZsaXBwaW5nIjoiYXV0byIsInByZWxvYWRQYWdlcyI6ImF1dG8iLCJydGwiOiJhdXRvIiwiaW50ZXJhY3RpdmVDb3JuZXJzIjoiYXV0byIsInNoZWV0Ijp7InN0YXJ0VmVsb2NpdHkiOiJhdXRvIiwid2F2ZSI6ImF1dG8iLCJzaGFwZSI6ImF1dG8iLCJ3aWR0aFRleGVscyI6ImF1dG8iLCJjb2xvciI6ImF1dG8iLCJzaWRlIjoiYXV0byIsImNvcm5lckRldmlhdGlvbiI6ImF1dG8iLCJmbGV4aWJpbGl0eSI6ImF1dG8iLCJmbGV4aWJsZUNvcm5lciI6ImF1dG8iLCJiZW5kaW5nIjoiYXV0byIsImhlaWdodFRleGVscyI6ImF1dG8ifSwiY292ZXIiOnsid2F2ZSI6ImF1dG8iLCJjb2xvciI6ImF1dG8iLCJiaW5kZXJUZXh0dXJlIjoiYXV0byIsImRlcHRoIjoiYXV0byIsInBhZGRpbmciOiJhdXRvIiwic3RhcnRWZWxvY2l0eSI6ImF1dG8iLCJmbGV4aWJpbGl0eSI6ImF1dG8iLCJmbGV4aWJsZUNvcm5lciI6ImF1dG8iLCJiZW5kaW5nIjoiYXV0byIsIndpZHRoVGV4ZWxzIjoiYXV0byIsImhlaWdodFRleGVscyI6ImF1dG8iLCJtYXNzIjoiYXV0byIsInNpZGUiOiJhdXRvIiwic2hhcGUiOiJhdXRvIn0sInBhZ2UiOnsid2F2ZSI6ImF1dG8iLCJjb2xvciI6ImF1dG8iLCJkZXB0aCI6ImF1dG8iLCJzdGFydFZlbG9jaXR5IjoiYXV0byIsImZsZXhpYmlsaXR5IjoiYXV0byIsImZsZXhpYmxlQ29ybmVyIjoiYXV0byIsImJlbmRpbmciOiJhdXRvIiwid2lkdGhUZXhlbHMiOiJhdXRvIiwiaGVpZ2h0VGV4ZWxzIjoiYXV0byIsIm1hc3MiOiJhdXRvIiwic2lkZSI6ImF1dG8iLCJzaGFwZSI6ImF1dG8ifSwiaGVpZ2h0IjoiYXV0byIsIndpZHRoIjoiYXV0byIsImdyYXZpdHkiOiJhdXRvIiwicGFnZXNGb3JQcmVkaWN0aW5nIjoiYXV0byJ9LCJjb250cm9sUHJvcHMiOnsiYWN0aW9ucyI6eyJjbWRTYXZlIjp7ImVuYWJsZWQiOiJhdXRvIiwiZW5hYmxlZEluTmFycm93IjoiYXV0byJ9LCJjbWRQcmludCI6eyJlbmFibGVkIjoiYXV0byIsImVuYWJsZWRJbk5hcnJvdyI6ImF1dG8ifSwiY21kU2luZ2xlUGFnZSI6eyJlbmFibGVkIjoiYXV0byIsImVuYWJsZWRJbk5hcnJvdyI6ImF1dG8iLCJhY3RpdmUiOiJhdXRvIiwiYWN0aXZlRm9yTW9iaWxlIjoiYXV0byJ9fX0sImF1dG9UaHVtYm5haWwiOiJodHRwczpcL1wvb3JnZWxiYXV2ZXJlaW4tbW9lbGxuLmRlXC93cC1jb250ZW50XC91cGxvYWRzXC8zZC1mbGlwLWJvb2tcL2F1dG8tdGh1bWJuYWlsc1wvMzA1MC5wbmciLCJwb3N0X25hbWUiOiJwcm9ncmFtbWhlZnQiLCJwb3N0X3R5cGUiOiIzZC1mbGlwLWJvb2sifX0sInBhZ2VzIjpbXSwiZmlyc3RQYWdlcyI6W119');window.FB3D_CLIENT_LOCALE && FB3D_CLIENT_LOCALE.render && FB3D_CLIENT_LOCALE.render();<\/script>\n\n\n\n<p><\/p>\n\n\n\n<p><strong>Festschrift<\/strong><\/p>\n\n\n\n<div class=\"_3d-flip-book  fb3d-fullscreen-mode full-size\" data-id=\"2831\" data-mode=\"fullscreen\" data-title=\"false\" data-template=\"short-white-book-view\" data-lightbox=\"dark-shadow\" data-urlparam=\"fb3d-page\" data-page-n=\"0\" data-pdf=\"\" data-tax=\"null\" data-thumbnail=\"\" data-cols=\"3\" data-book-template=\"default\" data-trigger=\"\"><\/div><script type=\"text\/javascript\">window.FB3D_CLIENT_DATA = window.FB3D_CLIENT_DATA || [];FB3D_CLIENT_DATA.push('eyJwb3N0cyI6eyIyODMxIjp7IklEIjoyODMxLCJ0aXRsZSI6IkZlc3RzY2hyaWZ0IiwidHlwZSI6InBkZiIsInJlYWR5X2Z1bmN0aW9uIjoiIiwiYm9va19zdHlsZSI6InZvbHVtZSIsImJvb2tfdGVtcGxhdGUiOiJub25lIiwib3V0bGluZSI6W10sImRhdGEiOnsicG9zdF9JRCI6IjMwNTYiLCJndWlkIjoiaHR0cHM6XC9cL29yZ2VsYmF1dmVyZWluLW1vZWxsbi5kZVwvd3AtY29udGVudFwvdXBsb2Fkc1wvMjAyMlwvMTBcL0Zlc3RzY2hyaWZ0LnBkZiIsInBkZl9wYWdlcyI6IjYwIiwicGFnZXNfY3VzdG9taXphdGlvbiI6Im5vbmUifSwidGh1bWJuYWlsIjp7ImRhdGEiOnsicG9zdF9JRCI6IjAifSwidHlwZSI6ImF1dG8ifSwicHJvcHMiOnsiY2FjaGVkUGFnZXMiOiJhdXRvIiwicmVuZGVySW5hY3RpdmVQYWdlcyI6ImF1dG8iLCJyZW5kZXJJbmFjdGl2ZVBhZ2VzT25Nb2JpbGUiOiJhdXRvIiwicmVuZGVyV2hpbGVGbGlwcGluZyI6ImF1dG8iLCJwcmVsb2FkUGFnZXMiOiJhdXRvIiwicnRsIjoiYXV0byIsImludGVyYWN0aXZlQ29ybmVycyI6ImF1dG8iLCJzaGVldCI6eyJzdGFydFZlbG9jaXR5IjoiYXV0byIsIndhdmUiOiJhdXRvIiwic2hhcGUiOiJhdXRvIiwid2lkdGhUZXhlbHMiOiJhdXRvIiwiY29sb3IiOiJhdXRvIiwic2lkZSI6ImF1dG8iLCJjb3JuZXJEZXZpYXRpb24iOiJhdXRvIiwiZmxleGliaWxpdHkiOiJhdXRvIiwiZmxleGlibGVDb3JuZXIiOiJhdXRvIiwiYmVuZGluZyI6ImF1dG8iLCJoZWlnaHRUZXhlbHMiOiJhdXRvIn0sImNvdmVyIjp7IndhdmUiOiJhdXRvIiwiY29sb3IiOiJhdXRvIiwiYmluZGVyVGV4dHVyZSI6ImF1dG8iLCJkZXB0aCI6ImF1dG8iLCJwYWRkaW5nIjoiYXV0byIsInN0YXJ0VmVsb2NpdHkiOiJhdXRvIiwiZmxleGliaWxpdHkiOiJhdXRvIiwiZmxleGlibGVDb3JuZXIiOiJhdXRvIiwiYmVuZGluZyI6ImF1dG8iLCJ3aWR0aFRleGVscyI6ImF1dG8iLCJoZWlnaHRUZXhlbHMiOiJhdXRvIiwibWFzcyI6ImF1dG8iLCJzaWRlIjoiYXV0byIsInNoYXBlIjoiYXV0byJ9LCJwYWdlIjp7IndhdmUiOiJhdXRvIiwiY29sb3IiOiJhdXRvIiwiZGVwdGgiOiJhdXRvIiwic3RhcnRWZWxvY2l0eSI6ImF1dG8iLCJmbGV4aWJpbGl0eSI6ImF1dG8iLCJmbGV4aWJsZUNvcm5lciI6ImF1dG8iLCJiZW5kaW5nIjoiYXV0byIsIndpZHRoVGV4ZWxzIjoiYXV0byIsImhlaWdodFRleGVscyI6ImF1dG8iLCJtYXNzIjoiYXV0byIsInNpZGUiOiJhdXRvIiwic2hhcGUiOiJhdXRvIn0sImhlaWdodCI6ImF1dG8iLCJ3aWR0aCI6ImF1dG8iLCJncmF2aXR5IjoiYXV0byIsInBhZ2VzRm9yUHJlZGljdGluZyI6ImF1dG8ifSwiY29udHJvbFByb3BzIjp7ImFjdGlvbnMiOnsiY21kU2F2ZSI6eyJlbmFibGVkIjoiYXV0byIsImVuYWJsZWRJbk5hcnJvdyI6ImF1dG8ifSwiY21kUHJpbnQiOnsiZW5hYmxlZCI6ImF1dG8iLCJlbmFibGVkSW5OYXJyb3ciOiJhdXRvIn0sImNtZFNpbmdsZVBhZ2UiOnsiZW5hYmxlZCI6ImF1dG8iLCJlbmFibGVkSW5OYXJyb3ciOiJhdXRvIiwiYWN0aXZlIjoiYXV0byIsImFjdGl2ZUZvck1vYmlsZSI6ImF1dG8ifX19LCJhdXRvVGh1bWJuYWlsIjoiaHR0cHM6XC9cL29yZ2VsYmF1dmVyZWluLW1vZWxsbi5kZVwvd3AtY29udGVudFwvdXBsb2Fkc1wvM2QtZmxpcC1ib29rXC9hdXRvLXRodW1ibmFpbHNcLzI4MzEucG5nIiwicG9zdF9uYW1lIjoiZmVzdHNjaHJpZnQiLCJwb3N0X3R5cGUiOiIzZC1mbGlwLWJvb2sifX0sInBhZ2VzIjpbXSwiZmlyc3RQYWdlcyI6W119');window.FB3D_CLIENT_LOCALE && FB3D_CLIENT_LOCALE.render && FB3D_CLIENT_LOCALE.render();<\/script>\n\n\n\n<p><\/p>\n\n\n\n<p><\/p>\n\n\n\n<p><\/p>\n","protected":false},"excerpt":{"rendered":"<p>[rev_slider orgelbroschuere2] Die Orgelbrosch\u00fcre Die 2012 vorgelegte Brosch\u00fcre \u201eM\u00f6llner Stadtorgel \u2013 Orgelstadt M\u00f6lln\u201c m\u00f6chte, als informative Lekt\u00fcre, z.B. bei einem Schoppen Orgelwein, die Bedeutung unserer Orgel interessierten Lesern und Orgelfreunden n\u00e4her bringen. Denn das erhaltene Pfeifenwerk bedeutet einen Schatz, der in der norddeutschen Orgellandschaft -und weit dar\u00fcber hinaus- einzigartig ist! \u00a0Ohne die Eule-Orgel in der [&hellip;]<\/p>\n","protected":false},"author":1,"featured_media":0,"parent":625,"menu_order":0,"comment_status":"closed","ping_status":"closed","template":"page-pagebuilder.php","meta":{"footnotes":""},"class_list":["post-662","page","type-page","status-publish","hentry"],"_links":{"self":[{"href":"https:\/\/orgelbauverein-moelln.de\/index.php?rest_route=\/wp\/v2\/pages\/662","targetHints":{"allow":["GET"]}}],"collection":[{"href":"https:\/\/orgelbauverein-moelln.de\/index.php?rest_route=\/wp\/v2\/pages"}],"about":[{"href":"https:\/\/orgelbauverein-moelln.de\/index.php?rest_route=\/wp\/v2\/types\/page"}],"author":[{"embeddable":true,"href":"https:\/\/orgelbauverein-moelln.de\/index.php?rest_route=\/wp\/v2\/users\/1"}],"replies":[{"embeddable":true,"href":"https:\/\/orgelbauverein-moelln.de\/index.php?rest_route=%2Fwp%2Fv2%2Fcomments&post=662"}],"version-history":[{"count":34,"href":"https:\/\/orgelbauverein-moelln.de\/index.php?rest_route=\/wp\/v2\/pages\/662\/revisions"}],"predecessor-version":[{"id":3064,"href":"https:\/\/orgelbauverein-moelln.de\/index.php?rest_route=\/wp\/v2\/pages\/662\/revisions\/3064"}],"up":[{"embeddable":true,"href":"https:\/\/orgelbauverein-moelln.de\/index.php?rest_route=\/wp\/v2\/pages\/625"}],"wp:attachment":[{"href":"https:\/\/orgelbauverein-moelln.de\/index.php?rest_route=%2Fwp%2Fv2%2Fmedia&parent=662"}],"curies":[{"name":"wp","href":"https:\/\/api.w.org\/{rel}","templated":true}]}}