{"id":651,"date":"2014-07-10T11:58:01","date_gmt":"2014-07-10T09:58:01","guid":{"rendered":"http:\/\/orgelbauverein-moelln.de\/?page_id=651"},"modified":"2025-07-13T23:26:47","modified_gmt":"2025-07-13T22:26:47","slug":"patenschaften","status":"publish","type":"page","link":"https:\/\/orgelbauverein-moelln.de\/?page_id=651","title":{"rendered":"Pfeifenpatenschaften"},"content":{"rendered":"<p>Liebe Orgelfreunde!<\/p>\n<p style=\"text-align: justify;\">Seit 800 Jahren kommen Menschen in die St. Nicolai-Kirche zu M\u00f6lln, um Stille zu suchen, Geborgenheit und Trost zu erfahren und dem Klang der Orgel zu lauschen. Immer hat es Menschen gegeben, die verantwortungsvoll mit diesem Instrument umgegangen sind und diesen Schatz dadurch bis heute bewahrt haben. Nun stehen wir in der Verantwortung, dieses Erbe und Kulturgut zu pflegen und daf\u00fcr zu sorgen, dass es an die nachfolgenden Generationen weitergegeben werden kann.<\/p>\n<p style=\"text-align: justify;\">Daf\u00fcr brauchen wir Ihre Unterst\u00fctzung!<\/p>\n<h3>Wie wird die Orgel finanziert?<\/h3>\n<p><a href=\"https:\/\/orgelbauverein-moelln.de\/wp-content\/uploads\/2014\/07\/Pfeiffen-e1406624086838.jpg\" rel=\"attachment wp-att-641\"><img loading=\"lazy\" decoding=\"async\" class=\"alignleft wp-image-641\" src=\"https:\/\/orgelbauverein-moelln.de\/wp-content\/uploads\/2014\/07\/Pfeiffen-300x225.jpg\" alt=\"Pfeiffen\" width=\"401\" height=\"301\" title=\"Pfeifenpatenschaften\"><\/a>F\u00fcr unsere Orgel sind ca. 1,3 Mio \u20ac (ohne Nebenkosten) veranschlagt. Um dieses Geld aufzubringen und die Restaurierung zu begleiten, hat sich im Jahre 2001 der \u201eOrgelbauverein St. Nicolai zu M\u00f6lln e.V.\u201c gegr\u00fcndet.<\/p>\n<p>Mit der Restaurierung kann erst begonnen werden, wenn genug Geld eingeworben worden ist. Deshalb braucht der Orgelbauverein Ihre Unterst\u00fctzung:<\/p>\n<p><strong>Mit Patenschaften f\u00fcr eine oder mehrere Pfeifen k\u00f6nnen Sie Ihren Beitrag zur Restaurierung der historischen Orgel leisten.<\/strong><\/p>\n<p>Orgelpfeifenpatenschaften sind bleibende, besondere Geschenke, die Generationen \u00fcberdauern \u2013 nicht nur zu Festtagen wie Taufe, Konfirmation, Hochzeit. Die Stiftung einer Orgelpfeife kann auch der Erinnerung an einen lieben Verstorbenen dienen.<\/p>\n<p>F\u00fcr Gruppen und Vereine ist es m\u00f6glich, sich zu Patenschaften zusammenzuschlie\u00dfen.<\/p>\n<h3>VERHELFEN SIE MIT EINER PFEIFENPATENSCHAFT<br \/>\nDER ORGEL ZU EINER NEUEN GLANZZEIT!<\/h3>\n<p><a href=\"https:\/\/orgelbauverein-moelln.de\/wp-content\/uploads\/2016\/02\/Pfeifengr\u00f6\u00dfe.jpg\" rel=\"attachment wp-att-1358\"><img loading=\"lazy\" decoding=\"async\" class=\"wp-image-1358 size-medium alignleft\" src=\"https:\/\/orgelbauverein-moelln.de\/wp-content\/uploads\/2016\/02\/Pfeifengr\u00f6\u00dfe-300x287.jpg\" alt=\"Pfeifengr\u00f6\u00dfe\" width=\"300\" height=\"287\" title=\"Pfeifenpatenschaften\" srcset=\"https:\/\/orgelbauverein-moelln.de\/wp-content\/uploads\/2016\/02\/Pfeifengr\u00f6\u00dfe-300x287.jpg 300w, https:\/\/orgelbauverein-moelln.de\/wp-content\/uploads\/2016\/02\/Pfeifengr\u00f6\u00dfe.jpg 763w\" sizes=\"auto, (max-width: 300px) 100vw, 300px\" \/><\/a><\/p>\n<p>Die Spendenh\u00f6he ist abh\u00e4ngig von der Pfeifengr\u00f6\u00dfe und Register.<\/p>\n<p>Sie betr\u00e4gt je nach Pfeifengr\u00f6\u00dfe<\/p>\n<p>20,-\u20ac 50,-\u20ac 100,-\u20ac 250,-\u20ac 500,-\u20ac 1000,-\u20ac 1500,-\u20ac 2000,-\u20ac 2500,-\u20ac.<\/p>\n<h3><strong>Eine \u00dcbersicht aller Pfeifen finden Sie in dieser Abbildung:<\/strong><\/h3>\n<p><a href=\"https:\/\/orgelbauverein-moelln.de\/wp-content\/uploads\/2025\/07\/OBV_Orgeluebersicht_Patenschaften_13u.pdf\" target=\"_blank\" rel=\"attachment wp-att-1363 noopener noreferrer\"><img loading=\"lazy\" decoding=\"async\" class=\"aligncenter wp-image-1363 size-medium\" src=\"https:\/\/orgelbauverein-moelln.de\/wp-content\/uploads\/2016\/02\/\u00dcbersichtAllerOrgelpfeifen_thumb-300x212.gif\" alt=\"\u00dcbersichtAllerOrgelpfeifen Thumb 300x212\" width=\"300\" height=\"212\" title=\"Pfeifenpatenschaften\" srcset=\"https:\/\/orgelbauverein-moelln.de\/wp-content\/uploads\/2016\/02\/\u00dcbersichtAllerOrgelpfeifen_thumb-300x212.gif 300w, https:\/\/orgelbauverein-moelln.de\/wp-content\/uploads\/2016\/02\/\u00dcbersichtAllerOrgelpfeifen_thumb-768x544.gif 768w\" sizes=\"auto, (max-width: 300px) 100vw, 300px\" \/><\/a><\/p>\n<div class=\"textLayer\">\n<p>Wenn Sie die Patenschaft f\u00fcr eine oder mehrere Orgelpfeife(n) \u00fcbernehmen m\u00f6chten, f\u00fcllen Sie bitte unten stehendes Formular aus, drucken es, und schicken es gern direkt an den Orgelbauverein.<\/p>\n<\/div>\n<div class=\"textLayer\">\n<p><a href=\"https:\/\/orgelbauverein-moelln.de\/wp-content\/uploads\/2021\/12\/OBV-Patenschaftformular-3.pdf\" target=\"_blank\" rel=\"noopener noreferrer\"><img loading=\"lazy\" decoding=\"async\" class=\"aligncenter wp-image-1328\" src=\"https:\/\/orgelbauverein-moelln.de\/wp-content\/uploads\/2016\/02\/OBV-Patenschaftformular-thumb-213x300.gif\" alt=\"OBV Patenschaftformular-thumb\" width=\"197\" height=\"277\" title=\"Pfeifenpatenschaften\"><\/a><\/p>\n<\/div>\n<h3 style=\"text-align: center;\">\u00a0 HERZLICHEN DANK!<\/h3>\n<p><strong>Abschlie\u00dfend erhalten Sie eine pers\u00f6nliche Urkunde Ihrer Pfeifenpatenschaft<br \/>\n<\/strong><\/p>\n<p><a href=\"https:\/\/orgelbauverein-moelln.de\/wp-content\/uploads\/2016\/06\/Urkunde-Kirchenlandschaft.jpg\" rel=\"attachment wp-att-1463\"><img loading=\"lazy\" decoding=\"async\" class=\"aligncenter wp-image-1463 size-medium\" src=\"https:\/\/orgelbauverein-moelln.de\/wp-content\/uploads\/2016\/06\/Urkunde-Kirchenlandschaft-300x225.jpg\" alt=\"Urkunde-Kirchenlandschaft\" width=\"300\" height=\"225\" title=\"Pfeifenpatenschaften\" srcset=\"https:\/\/orgelbauverein-moelln.de\/wp-content\/uploads\/2016\/06\/Urkunde-Kirchenlandschaft-300x225.jpg 300w, https:\/\/orgelbauverein-moelln.de\/wp-content\/uploads\/2016\/06\/Urkunde-Kirchenlandschaft-768x576.jpg 768w, https:\/\/orgelbauverein-moelln.de\/wp-content\/uploads\/2016\/06\/Urkunde-Kirchenlandschaft-1024x768.jpg 1024w, https:\/\/orgelbauverein-moelln.de\/wp-content\/uploads\/2016\/06\/Urkunde-Kirchenlandschaft.jpg 1632w\" sizes=\"auto, (max-width: 300px) 100vw, 300px\" \/><\/a><\/p>\n<h3><\/h3>\n<h3>Was ist an unserer Orgel besonders wertvoll?<\/h3>\n<figure id=\"attachment_1352\" aria-describedby=\"caption-attachment-1352\" style=\"width: 462px\" class=\"wp-caption alignright\"><a href=\"https:\/\/orgelbauverein-moelln.de\/wp-content\/uploads\/2016\/02\/1896.jpg\" rel=\"attachment wp-att-1352\"><img loading=\"lazy\" decoding=\"async\" class=\"wp-image-1352\" src=\"https:\/\/orgelbauverein-moelln.de\/wp-content\/uploads\/2016\/02\/1896-300x260.jpg\" alt=\"Die M\u00f6llner Scherer-B\u00fcnting Orgel um 1896\" width=\"462\" height=\"401\" title=\"Pfeifenpatenschaften\" srcset=\"https:\/\/orgelbauverein-moelln.de\/wp-content\/uploads\/2016\/02\/1896-300x260.jpg 300w, https:\/\/orgelbauverein-moelln.de\/wp-content\/uploads\/2016\/02\/1896-768x665.jpg 768w, https:\/\/orgelbauverein-moelln.de\/wp-content\/uploads\/2016\/02\/1896-1024x886.jpg 1024w, https:\/\/orgelbauverein-moelln.de\/wp-content\/uploads\/2016\/02\/1896.jpg 1063w\" sizes=\"auto, (max-width: 462px) 100vw, 462px\" \/><\/a><figcaption id=\"caption-attachment-1352\" class=\"wp-caption-text\">Die M\u00f6llner Scherer-B\u00fcnting Orgel um 1928<\/figcaption><\/figure>\n<p style=\"text-align: justify;\">Die Scherer-B\u00fcnting-Orgel in der St. Nicolai-Kirche zu M\u00f6lln verf\u00fcgt neben dem Prospekt des L\u00fcbecker Orgelbauers Christoph Julius B\u00fcnting von 1754-66 \u00fcber sehr viele historische Pfeifen (etwa 60 %) aus sieben Jahrhunderten.<\/p>\n<p style=\"text-align: justify;\">Die \u00e4ltesten sind gotisch und stammen aus dem fr\u00fchen 15. Jahrhundert. Sp\u00e4ter haben u.a. Jacob Scherer (1555), Hans K\u00f6ster (1568), Friedrich Stellwagen (1637\u201341) und Christoph Julius B\u00fcnting hier gebaut und Pfeifen hinterlassen.<\/p>\n<p style=\"text-align: justify;\">Sie ist damit eine der wertvollsten Orgeln Schleswig\u2013Holsteins.<\/p>\n<h3>Warum muss die Orgel restauriert werden?<\/h3>\n<p>Die anstehende Restaurierung f\u00fcgt sich in eine f\u00fcr die M\u00f6llner Orgel typische Tradition: Jeder Orgelbauer hat die wertvollen Pfeifen seiner Vorg\u00e4nger \u00fcbernommen und in die eigene Arbeit integriert. Seit dem letzten Umbau in den 1970er Jahren sind inzwischen manche Sch\u00e4den aufgetreten und Materialien erm\u00fcdet: Motoren sind defekt, Pfeifen gerissen und nicht mehr stimmbar, ohne gr\u00f6\u00dferen Schaden anzurichten, ganze Register sind nicht mehr funktionsf\u00e4hig.<\/p>\n<p>Es droht die weitere Verschlechterung zur \u201eJahrmarktsorgel\u201c.<\/p>\n<p><a href=\"https:\/\/orgelbauverein-moelln.de\/wp-content\/uploads\/2014\/07\/LetztesLoch.jpg\" rel=\"attachment wp-att-1040\"><img loading=\"lazy\" decoding=\"async\" class=\"aligncenter\" src=\"https:\/\/orgelbauverein-moelln.de\/wp-content\/uploads\/2014\/07\/LetztesLoch-300x163.jpg\" alt=\"LetztesLoch\" width=\"441\" height=\"240\" title=\"Pfeifenpatenschaften\"><\/a><\/p>\n<p><a href=\"https:\/\/orgelbauverein-moelln.de\/wp-content\/uploads\/2014\/07\/IMG_2051.jpg\" rel=\"attachment wp-att-875\"><img loading=\"lazy\" decoding=\"async\" class=\"alignleft\" src=\"https:\/\/orgelbauverein-moelln.de\/wp-content\/uploads\/2014\/07\/IMG_2051-300x225.jpg\" alt=\"IMG_2051\" width=\"316\" height=\"237\" title=\"Pfeifenpatenschaften\"><\/a><a href=\"https:\/\/orgelbauverein-moelln.de\/wp-content\/uploads\/2016\/02\/IMG_0277.jpg\" rel=\"attachment wp-att-1362\"><img loading=\"lazy\" decoding=\"async\" class=\"alignleft\" src=\"https:\/\/orgelbauverein-moelln.de\/wp-content\/uploads\/2016\/02\/IMG_0277-300x238.jpg\" alt=\"IMG_0277\" width=\"300\" height=\"238\" title=\"Pfeifenpatenschaften\"><\/a><a href=\"https:\/\/orgelbauverein-moelln.de\/wp-content\/uploads\/2014\/07\/IMG_0270.jpg\" rel=\"attachment wp-att-869\"><img loading=\"lazy\" decoding=\"async\" class=\"alignleft\" src=\"https:\/\/orgelbauverein-moelln.de\/wp-content\/uploads\/2014\/07\/IMG_0270-300x271.jpg\" alt=\"IMG_0270\" width=\"263\" height=\"237\" title=\"Pfeifenpatenschaften\"><\/a><\/p>\n<h3>Was ist geplant?<\/h3>\n<p style=\"text-align: justify;\">Zum Prospekt und gem\u00e4\u00df der Disposition von Christoph Julius B\u00fcnting soll ein Instrument sp\u00e4tbarocken Stils entstehen, das durch die Verwendung m\u00f6glichst vieler historischer Pfeifen und ansonsten deren Rekonstruktion einen nahezu unverf\u00e4lschten klanglichen Eindruck der Jahrhunderte widerspiegelt. Einerseits gilt es, den individuellen Klang der aus unterschiedlichen Zeiten stammenden Register herauszuarbeiten und sie doch andererseits harmonisch aufeinander abzustimmen. Das erfordert vom Orgelbauer ein hohes Ma\u00df an Kompetenz in der Geschichte des norddeutschen Orgelbaus wie der Pfeifenherstellung.<\/p>\n<p style=\"text-align: justify;\">Mit 41 Registern, verteilt auf 3 Manuale (Hauptwerk, R\u00fcckpositiv, Brustwerk) und Pedal, wird die Orgel eine \u00e4hnliche Gr\u00f6\u00dfe haben wie derzeit und f\u00fcr den gottesdienstlichen Gebrauch genauso Verwendung finden wie f\u00fcr anspruchsvolle Konzerte zum Lobe Gottes.<\/p>\n<h3>Wer restauriert die Orgel?<\/h3>\n<p>Fa. <a href=\"https:\/\/www.flentrop.nl\/indexde.html\" target=\"_blank\" rel=\"noopener noreferrer\">Flentrop aus Zaandam<\/a> (Niederlande) wird diese Orgel restaurieren.<\/p>\n<p>Die Firma existiert seit 1903 und geh\u00f6rt zu den erfahrensten international t\u00e4tigen Orgelbaufirmen, die sich auf historischen Orgelbau und Restaurierungen spezialisiert haben:<\/p>\n<p><em>\u201eBei Restaurierungen wird gewissenhaft nach den wesentlichen Werten eines Instruments geforscht.\u201c<\/em><\/p>\n<p>Bei Fragen wenden Sie sich gerne an den Vorsitzenden des Orgelbauvereins:<\/p>\n<p>Orgelbauverein St. Nicolai zu M\u00f6lln e.V.<br \/>\nHartmut Ledeboer<br \/>\nDoktorhofweg 18<br \/>\n23879 M\u00f6lln<\/p>\n<p>Telefon: 04542 \u2013 89112<br \/>\n<a href=\"mailto:info@orgelbauverein-moelln.de\">info@orgelbauverein-moelln.de<\/a><br \/>\n<a href=\"http:\/\/orgelbauverein-moelln.de\/?page_id=631\">www.orgelbauverein-moelln.de<\/a><\/p>\n<div>\u00a0<a href=\"https:\/\/orgelbauverein-moelln.de\/wp-content\/uploads\/2014\/07\/Rahmen_22.jpg\" rel=\"attachment wp-att-916\"><img loading=\"lazy\" decoding=\"async\" class=\"alignleft wp-image-916\" src=\"https:\/\/orgelbauverein-moelln.de\/wp-content\/uploads\/2014\/07\/Rahmen_22-300x14.jpg\" alt=\"Rahmen_2\" width=\"815\" height=\"38\" title=\"Pfeifenpatenschaften\" srcset=\"https:\/\/orgelbauverein-moelln.de\/wp-content\/uploads\/2014\/07\/Rahmen_22-300x14.jpg 300w, https:\/\/orgelbauverein-moelln.de\/wp-content\/uploads\/2014\/07\/Rahmen_22-1024x49.jpg 1024w\" sizes=\"auto, (max-width: 815px) 100vw, 815px\" \/><\/a><\/div>\n","protected":false},"excerpt":{"rendered":"<p>Liebe Orgelfreunde! Seit 800 Jahren kommen Menschen in die St. Nicolai-Kirche zu M\u00f6lln, um Stille zu suchen, Geborgenheit und Trost zu erfahren und dem Klang der Orgel zu lauschen. Immer hat es Menschen gegeben, die verantwortungsvoll mit diesem Instrument umgegangen sind und diesen Schatz dadurch bis heute bewahrt haben. Nun stehen wir in der Verantwortung, [&hellip;]<\/p>\n","protected":false},"author":1,"featured_media":0,"parent":623,"menu_order":0,"comment_status":"closed","ping_status":"closed","template":"page-full-width.php","meta":{"footnotes":""},"class_list":["post-651","page","type-page","status-publish","hentry"],"_links":{"self":[{"href":"https:\/\/orgelbauverein-moelln.de\/index.php?rest_route=\/wp\/v2\/pages\/651","targetHints":{"allow":["GET"]}}],"collection":[{"href":"https:\/\/orgelbauverein-moelln.de\/index.php?rest_route=\/wp\/v2\/pages"}],"about":[{"href":"https:\/\/orgelbauverein-moelln.de\/index.php?rest_route=\/wp\/v2\/types\/page"}],"author":[{"embeddable":true,"href":"https:\/\/orgelbauverein-moelln.de\/index.php?rest_route=\/wp\/v2\/users\/1"}],"replies":[{"embeddable":true,"href":"https:\/\/orgelbauverein-moelln.de\/index.php?rest_route=%2Fwp%2Fv2%2Fcomments&post=651"}],"version-history":[{"count":69,"href":"https:\/\/orgelbauverein-moelln.de\/index.php?rest_route=\/wp\/v2\/pages\/651\/revisions"}],"predecessor-version":[{"id":3272,"href":"https:\/\/orgelbauverein-moelln.de\/index.php?rest_route=\/wp\/v2\/pages\/651\/revisions\/3272"}],"up":[{"embeddable":true,"href":"https:\/\/orgelbauverein-moelln.de\/index.php?rest_route=\/wp\/v2\/pages\/623"}],"wp:attachment":[{"href":"https:\/\/orgelbauverein-moelln.de\/index.php?rest_route=%2Fwp%2Fv2%2Fmedia&parent=651"}],"curies":[{"name":"wp","href":"https:\/\/api.w.org\/{rel}","templated":true}]}}