{"id":647,"date":"2014-07-10T11:56:59","date_gmt":"2014-07-10T09:56:59","guid":{"rendered":"http:\/\/orgelbauverein-moelln.de\/?page_id=647"},"modified":"2014-11-24T10:08:03","modified_gmt":"2014-11-24T08:08:03","slug":"vision","status":"publish","type":"page","link":"https:\/\/orgelbauverein-moelln.de\/?page_id=647","title":{"rendered":"Vision"},"content":{"rendered":"<p>Seit dem fr\u00fchen 15. Jahrhundert wurde in der M\u00f6llner St. Nicolai-Kirche daran gearbeitet, hier ein besonderes Instrument zu schaffen. Einige Orgelbauer haben Pfeifen von au\u00dfergew\u00f6hnlicher Qualit\u00e4t hinterlassen, weshalb diese Pfeifen bei jedem neuerlichen Umbau wiederverwendet wurden und uns heute noch erhalten sind.<\/p>\n<p>Der Blick auf die jetzige Orgel zeigt einen Prospekt, den der L\u00fcbecker Orgelbauer Julius B\u00fcnting 1755\/1766 geschaffen hat. Dieser Prospekt legt nahe, in seinem Geh\u00e4use ein ad\u00e4quates Musikinstrument zu beherbergen. Die Orgel in den Zustand zu versetzen, wie sie durch Julius B\u00fcnting geschaffen war, kann aber nicht das Ziel der Restaurierung sein, denn leider hat B\u00fcnting nicht immer auf dem Niveau mancher seiner Vorg\u00e4nger wie z.B. Jacob Scherer, Hans K\u00f6ster, Friedrich Stellwagen gearbeitet.<\/p>\n<p>Daher verfolgen wir die Vision, den Prospekt mit seinem Inneren in Einklang zu bringen. Auf der Basis der B\u00fcntingschen Disposition soll ein Instrument entstehen, wie B\u00fcnting es sich vielleicht vorgestellt, aber qualitativ nicht hat bauen k\u00f6nnen.<\/p>\n<p>Im Einzelnen beinhaltet das erhebliche Ver\u00e4nderungen: ein historisches Stimmungssystem genauso wie die M\u00f6glichkeit, die Luftversorgung der Scherer-B\u00fcnting-Orgel alternativ mit Motor oder wieder durch Kalkanten (Balgtreter) durchf\u00fchren zu k\u00f6nnen; es beinhaltet mechanische Registerz\u00fcge genauso wie den Bau von Spieltisch, Windladen, fehlenden Pfeifen und Registern nach historischen Vorbildern und in traditioneller Bauweise der jeweiligen Epoche. Die historischen Pfeifen sollen ihre urspr\u00fcngliche Klanglichkeit zur\u00fcckerhalten.<\/p>\n<p>Damit wird die Scherer-B\u00fcnting-Orgel zu einem Instrument von au\u00dferordentlicher Bedeutung, zu einem Instrument, das Zeugnis ablegt von der hohen k\u00fcnstlerischen und handwerklichen Tradition der norddeutschen Orgelbaukunst von der Gotik bis in die sp\u00e4te Barockzeit. Und es wird dazu einladen, die Musik dieser Epochen im stilistisch angemessenen Klangbild wieder neu erstrahlen zu lassen.<\/p>\n","protected":false},"excerpt":{"rendered":"<p>Seit dem fr\u00fchen 15. Jahrhundert wurde in der M\u00f6llner St. Nicolai-Kirche daran gearbeitet, hier ein besonderes Instrument zu schaffen. Einige Orgelbauer haben Pfeifen von au\u00dfergew\u00f6hnlicher Qualit\u00e4t hinterlassen, weshalb diese Pfeifen bei jedem neuerlichen Umbau wiederverwendet wurden und uns heute noch erhalten sind. Der Blick auf die jetzige Orgel zeigt einen Prospekt, den der L\u00fcbecker Orgelbauer [&hellip;]<\/p>\n","protected":false},"author":1,"featured_media":0,"parent":623,"menu_order":0,"comment_status":"closed","ping_status":"closed","template":"page-pagebuilder.php","meta":{"footnotes":""},"class_list":["post-647","page","type-page","status-publish","hentry"],"_links":{"self":[{"href":"https:\/\/orgelbauverein-moelln.de\/index.php?rest_route=\/wp\/v2\/pages\/647","targetHints":{"allow":["GET"]}}],"collection":[{"href":"https:\/\/orgelbauverein-moelln.de\/index.php?rest_route=\/wp\/v2\/pages"}],"about":[{"href":"https:\/\/orgelbauverein-moelln.de\/index.php?rest_route=\/wp\/v2\/types\/page"}],"author":[{"embeddable":true,"href":"https:\/\/orgelbauverein-moelln.de\/index.php?rest_route=\/wp\/v2\/users\/1"}],"replies":[{"embeddable":true,"href":"https:\/\/orgelbauverein-moelln.de\/index.php?rest_route=%2Fwp%2Fv2%2Fcomments&post=647"}],"version-history":[{"count":7,"href":"https:\/\/orgelbauverein-moelln.de\/index.php?rest_route=\/wp\/v2\/pages\/647\/revisions"}],"predecessor-version":[{"id":1988,"href":"https:\/\/orgelbauverein-moelln.de\/index.php?rest_route=\/wp\/v2\/pages\/647\/revisions\/1988"}],"up":[{"embeddable":true,"href":"https:\/\/orgelbauverein-moelln.de\/index.php?rest_route=\/wp\/v2\/pages\/623"}],"wp:attachment":[{"href":"https:\/\/orgelbauverein-moelln.de\/index.php?rest_route=%2Fwp%2Fv2%2Fmedia&parent=647"}],"curies":[{"name":"wp","href":"https:\/\/api.w.org\/{rel}","templated":true}]}}