{"id":643,"date":"2014-07-10T11:56:16","date_gmt":"2014-07-10T09:56:16","guid":{"rendered":"http:\/\/orgelbauverein-moelln.de\/?page_id=643"},"modified":"2016-05-22T15:11:25","modified_gmt":"2016-05-22T13:11:25","slug":"geschichte","status":"publish","type":"page","link":"https:\/\/orgelbauverein-moelln.de\/?page_id=643","title":{"rendered":"Geschichte"},"content":{"rendered":"<p>Die M\u00f6llner <strong>Scherer-B\u00fcnting-Orgel<\/strong> kann auf eine lange Geschichte zur\u00fcckblicken.<\/p>\n<p>Sie beherbergt Pfeifen der norddeutschen Orgelbaukunst vom <strong>fr\u00fchen 15. Jahrhundert<\/strong> bis in die Neuzeit. Die bedeutendsten Orgelbaumeister des 16. und 17. Jahrhunderts haben an der M\u00f6llner Orgel gebaut, z.B. Jakob Scherer (1558), Hans K\u00f6ster (1568) und Friedrich Stellwagen (1639). Im Jahr 1754 gab Christoph Julius B\u00fcnting der Orgel ihr heutiges Aussehen.<br \/>\nDie M\u00f6llner Orgel besitzt die <strong>einzigen erhaltenen Pfeifen des Orgelbaumeisters Jakob Scherer<\/strong> sowie vermutlich die <strong>\u00e4ltesten bekannten gotischen Orgelpfeifen<\/strong> der norddeutschen Orgelbaukunst.<\/p>\n<p>Durch Umbauten unter Weiterverwendung der historischen Substanz im jeweiligen Zeitgeschmack pr\u00e4sentiert sich die Orgel heute in der technischen Anlage und Gestalt der 1970er Jahre.<br \/>\nEine im Jahr 2007 vorgenommene Dokumentation hat die historischen Sch\u00e4tze der Orgel aufgelistet:<\/p>\n<ul>\n<li>Gotisch (1436)<\/li>\n<li>Jakob <strong>Scherer<\/strong> (1558)<\/li>\n<li>Hans <strong>K\u00f6ster<\/strong> (1568)<\/li>\n<\/ul>\n<p>andererseits die Gedackten, Fl\u00f6ten und Aliquoten von<\/p>\n<ul>\n<li>Friedrich <strong>Stellwagen<\/strong> (1639)<\/li>\n<li>Christoph Julius <strong>B\u00fcnting<\/strong> (1754)<\/li>\n<li>Peter <strong>Ekengren<\/strong>(1802)<\/li>\n<li>J. C. <strong>K\u00fchn<\/strong> (1838)<\/li>\n<\/ul>\n<p>Diese Pfeifen bilden die Grundlage f\u00fcr eine Restaurierung, denn bemerkenswert an der M\u00f6llner Orgel ist nicht ihre stilistische Geschlossenheit, wie wir sie z.B. bei Instrumenten von Arp Schnitger vorfinden, sondern die Tatsache, dass sie einen <strong>einzigartigen Spiegel der Jahrhunderte<\/strong> darstellt, in dem die verschiedenen Musikstile und ihre Widerspiegelung im Orgelbau einsehbar \u2013 und h\u00f6rbar \u2013 werden k\u00f6nnten.<\/p>\n<p>&nbsp;<\/p>\n","protected":false},"excerpt":{"rendered":"<p>Die M\u00f6llner Scherer-B\u00fcnting-Orgel kann auf eine lange Geschichte zur\u00fcckblicken. Sie beherbergt Pfeifen der norddeutschen Orgelbaukunst vom fr\u00fchen 15. Jahrhundert bis in die Neuzeit. Die bedeutendsten Orgelbaumeister des 16. und 17. Jahrhunderts haben an der M\u00f6llner Orgel gebaut, z.B. Jakob Scherer (1558), Hans K\u00f6ster (1568) und Friedrich Stellwagen (1639). Im Jahr 1754 gab Christoph Julius B\u00fcnting [&hellip;]<\/p>\n","protected":false},"author":1,"featured_media":0,"parent":623,"menu_order":0,"comment_status":"open","ping_status":"open","template":"page-pagebuilder.php","meta":{"footnotes":""},"class_list":["post-643","page","type-page","status-publish","hentry"],"_links":{"self":[{"href":"https:\/\/orgelbauverein-moelln.de\/index.php?rest_route=\/wp\/v2\/pages\/643","targetHints":{"allow":["GET"]}}],"collection":[{"href":"https:\/\/orgelbauverein-moelln.de\/index.php?rest_route=\/wp\/v2\/pages"}],"about":[{"href":"https:\/\/orgelbauverein-moelln.de\/index.php?rest_route=\/wp\/v2\/types\/page"}],"author":[{"embeddable":true,"href":"https:\/\/orgelbauverein-moelln.de\/index.php?rest_route=\/wp\/v2\/users\/1"}],"replies":[{"embeddable":true,"href":"https:\/\/orgelbauverein-moelln.de\/index.php?rest_route=%2Fwp%2Fv2%2Fcomments&post=643"}],"version-history":[{"count":8,"href":"https:\/\/orgelbauverein-moelln.de\/index.php?rest_route=\/wp\/v2\/pages\/643\/revisions"}],"predecessor-version":[{"id":1982,"href":"https:\/\/orgelbauverein-moelln.de\/index.php?rest_route=\/wp\/v2\/pages\/643\/revisions\/1982"}],"up":[{"embeddable":true,"href":"https:\/\/orgelbauverein-moelln.de\/index.php?rest_route=\/wp\/v2\/pages\/623"}],"wp:attachment":[{"href":"https:\/\/orgelbauverein-moelln.de\/index.php?rest_route=%2Fwp%2Fv2%2Fmedia&parent=643"}],"curies":[{"name":"wp","href":"https:\/\/api.w.org\/{rel}","templated":true}]}}