{"id":625,"date":"2014-07-10T11:38:31","date_gmt":"2014-07-10T09:38:31","guid":{"rendered":"http:\/\/orgelbauverein-moelln.de\/?page_id=625"},"modified":"2018-04-10T22:59:13","modified_gmt":"2018-04-10T21:59:13","slug":"der-verein","status":"publish","type":"page","link":"https:\/\/orgelbauverein-moelln.de\/?page_id=625","title":{"rendered":"Der Verein"},"content":{"rendered":"<p><a href=\"https:\/\/orgelbauverein-moelln.de\/wp-content\/uploads\/2014\/07\/Der-Verein.jpg\"><img loading=\"lazy\" decoding=\"async\" class=\"alignnone wp-image-911 size-large\" src=\"https:\/\/orgelbauverein-moelln.de\/wp-content\/uploads\/2014\/07\/Der-Verein-1024x426.jpg\" alt=\"Der-Verein\" width=\"1024\" height=\"426\" title=\"Der Verein\" srcset=\"https:\/\/orgelbauverein-moelln.de\/wp-content\/uploads\/2014\/07\/Der-Verein-1024x426.jpg 1024w, https:\/\/orgelbauverein-moelln.de\/wp-content\/uploads\/2014\/07\/Der-Verein-300x124.jpg 300w, https:\/\/orgelbauverein-moelln.de\/wp-content\/uploads\/2014\/07\/Der-Verein.jpg 1691w\" sizes=\"auto, (max-width: 1024px) 100vw, 1024px\" \/><\/a><\/p>\n<p>Auf Initiative des seinerzeitigen Kantors an der M\u00f6llner St. Nicolai \u2013 Kirche, Volker J\u00e4nig, wurde im Jahre 2001 der M\u00f6llner Orgelbauverein gegr\u00fcndet. Im Auftrag des Kirchengemeinderates bereitet der Verein seither die Restaurierung der historischen Scherer-B\u00fcnting-Orgel vor.<\/p>\n<p>Ziel des Vereins ist eine Restaurierung, die unter Verwendung des Prospektes von Julius B\u00fcnting (1766) sowie des wertvollen historischen Pfeifenmaterials mit Orgelpfeifen von Jacob Scherer (1558), Friedrich Stellwagen (1639) u.a. ein qualitativ angemessenes und konzeptionell schl\u00fcssiges Instrument wiederentstehen l\u00e4sst.<\/p>\n<p>Hierzu wurden 2007 durch die Orgelbaumeister Juncker\/Klein eine grundlegende Pfeifenanalyse und 2009 ein Symposion durchgef\u00fchrt, an dem sich namhafte Organisten und internationale Orgelbauer beteiligten. Au\u00dferdem unternahm der Verein Studienreisen zu historischen Orgeln und zu Orgelbaufirmen, die f\u00fcr norddeutschen Orgelbau pr\u00e4destiniert sind.<\/p>\n<p>Unter Vorsitz des Orgelsachverst\u00e4ndigen KMD Hans-Martin Petersen existiert seit 2012 ein Fachgremium, welches die Vorbereitung und Durchf\u00fchrung der Orgelrestaurierung sowohl fachlich begleitet als auch bei entscheidenden Fragen zwischen Orgelbauer und Kirchengemeinderat vermittelt. Dem Gremium geh\u00f6ren u.a. die Professoren Harald Vogel, Pieter van Dijk und Arvid Gast an.<\/p>\n<p>Ergebnis der Initiative des Vereins sind au\u00dferdem drei Ver\u00f6ffentlichungen: Neben der Materialsammlung des Symposions wurde 2010 die \u201eQuellendokumentation zur Geschichte der Jacob-Scherer-Orgel (Scherer-B\u00fcnting-Orgel)\u201c von Peter J\u00fcrs vorgelegt. 2012 erschien die Orgelbrosch\u00fcre \u201eM\u00f6llner Stadtorgel \u2013 Orgelstadt M\u00f6lln\u201c.<\/p>\n<p>In jeder Ausgabe des M\u00f6llner Gemeindebriefes informiert zudem ein Artikel \u00fcber den aktuellen Planungsstand der Orgelrestaurierung.<\/p>\n","protected":false},"excerpt":{"rendered":"<p>Auf Initiative des seinerzeitigen Kantors an der M\u00f6llner St. Nicolai \u2013 Kirche, Volker J\u00e4nig, wurde im Jahre 2001 der M\u00f6llner Orgelbauverein gegr\u00fcndet. Im Auftrag des Kirchengemeinderates bereitet der Verein seither die Restaurierung der historischen Scherer-B\u00fcnting-Orgel vor. Ziel des Vereins ist eine Restaurierung, die unter Verwendung des Prospektes von Julius B\u00fcnting (1766) sowie des wertvollen historischen [&hellip;]<\/p>\n","protected":false},"author":1,"featured_media":0,"parent":0,"menu_order":0,"comment_status":"closed","ping_status":"closed","template":"page-pagebuilder.php","meta":{"footnotes":""},"class_list":["post-625","page","type-page","status-publish","hentry"],"_links":{"self":[{"href":"https:\/\/orgelbauverein-moelln.de\/index.php?rest_route=\/wp\/v2\/pages\/625","targetHints":{"allow":["GET"]}}],"collection":[{"href":"https:\/\/orgelbauverein-moelln.de\/index.php?rest_route=\/wp\/v2\/pages"}],"about":[{"href":"https:\/\/orgelbauverein-moelln.de\/index.php?rest_route=\/wp\/v2\/types\/page"}],"author":[{"embeddable":true,"href":"https:\/\/orgelbauverein-moelln.de\/index.php?rest_route=\/wp\/v2\/users\/1"}],"replies":[{"embeddable":true,"href":"https:\/\/orgelbauverein-moelln.de\/index.php?rest_route=%2Fwp%2Fv2%2Fcomments&post=625"}],"version-history":[{"count":7,"href":"https:\/\/orgelbauverein-moelln.de\/index.php?rest_route=\/wp\/v2\/pages\/625\/revisions"}],"predecessor-version":[{"id":1974,"href":"https:\/\/orgelbauverein-moelln.de\/index.php?rest_route=\/wp\/v2\/pages\/625\/revisions\/1974"}],"wp:attachment":[{"href":"https:\/\/orgelbauverein-moelln.de\/index.php?rest_route=%2Fwp%2Fv2%2Fmedia&parent=625"}],"curies":[{"name":"wp","href":"https:\/\/api.w.org\/{rel}","templated":true}]}}