{"id":2766,"date":"2021-03-12T14:25:36","date_gmt":"2021-03-12T13:25:36","guid":{"rendered":"https:\/\/orgelbauverein-moelln.de\/?page_id=2766"},"modified":"2021-03-12T14:44:55","modified_gmt":"2021-03-12T13:44:55","slug":"videos-von-flentrop-orgelbau","status":"publish","type":"page","link":"https:\/\/orgelbauverein-moelln.de\/?page_id=2766","title":{"rendered":"Videos von Flentrop Orgelbau"},"content":{"rendered":"\n<p><\/p>\n\n\n\n<h2 class=\"wp-block-heading\">Der Pfeifenmacher<\/h2>\n\n\n\n<p>De Pijpmaker &#8211; The Pipe maker (1)<\/p>\n\n\n\n<figure class=\"wp-block-embed aligncenter is-type-video is-provider-youtube wp-block-embed-youtube wp-embed-aspect-16-9 wp-has-aspect-ratio\"><div class=\"wp-block-embed__wrapper\">\n<iframe loading=\"lazy\" title=\"De Pijpmaker - The Pipe maker (1)\" width=\"500\" height=\"281\" src=\"https:\/\/www.youtube.com\/embed\/W1SbgmMfXO0?feature=oembed\" frameborder=\"0\" allow=\"accelerometer; autoplay; clipboard-write; encrypted-media; gyroscope; picture-in-picture; web-share\" referrerpolicy=\"strict-origin-when-cross-origin\" allowfullscreen><\/iframe>\n<\/div><figcaption><strong>Dani\u00ebl van Horssen, arbeitet bei Flentrop als Freiberufler seit 2017<\/strong><\/figcaption><\/figure>\n\n\n\n<p>Pfeifenmacher Dani\u00ebl van Horssen aus Flentrop zeigt in der Werkstatt wie sie eine Orgelpfeife herstellen, damit sie sch\u00f6n spricht. Eine sehr pr\u00e4zise und komlexe Arbeit. (Film Nr. 1 von Filmemacher Casper Steketee)<\/p>\n\n\n\n<p>Pijpmaker Dani\u00ebl van Horssen van Flentrop laat in de werkplaats zien hoe ze een orgelpijp maken, zodat deze mooi gaat spreken. Een heel precies werk en complex. (Reportage nr.1 van filmmaker Casper Steketee)<\/p>\n\n\n\n<p>Pipe maker Dani\u00ebl van Horssen of Flentrop shows in the workshop how they make an organ pipe, so that it speaks beautifully. A very precise work and complex. (Film no.1 by filmmaker Casper Steketee)<\/p>\n\n\n\n<hr class=\"wp-block-separator is-style-wide\"\/>\n\n\n\n<h2 class=\"wp-block-heading\">Metallgie\u00dfen der M\u00f6llner Orgelpfeifen<\/h2>\n\n\n\n<p>Het Gieten van orgelmetaal &#8211; Organ metal casting (2)<\/p>\n\n\n\n<figure class=\"wp-block-embed aligncenter is-type-video is-provider-youtube wp-block-embed-youtube wp-embed-aspect-16-9 wp-has-aspect-ratio\"><div class=\"wp-block-embed__wrapper\">\n<iframe loading=\"lazy\" title=\"Het Gieten van orgelmetaal - Organ metal casting (2)\" width=\"500\" height=\"281\" src=\"https:\/\/www.youtube.com\/embed\/3sJRygMff3o?feature=oembed\" frameborder=\"0\" allow=\"accelerometer; autoplay; clipboard-write; encrypted-media; gyroscope; picture-in-picture; web-share\" referrerpolicy=\"strict-origin-when-cross-origin\" allowfullscreen><\/iframe>\n<\/div><figcaption><strong>Jeroen Rijpkema, Pfeifenmacher, seit 2000 im Dienst<\/strong><\/figcaption><\/figure>\n\n\n\n<p class=\"has-text-align-left\">Eine Orgelpfeife ist ein wesentlicher Bestandteil einer Orgel, Flentrop gie\u00dft auch das Material, aus dem die Pfeifen hergestellt werden. Die Pfeifenmacher zeigen den Metallguss in der Werkstatt. Jeroen Rijpkema erz\u00e4hlt mehr \u00fcber die Techniken und Materialien zum Gie\u00dfen einer Platte und wie man den Klang ber\u00fccksichtigt. (Film Nr. 2 von Filmemacher Casper Steketee)<\/p>\n\n\n\n<p>Een orgelpijp is een wezenlijk onderdeel van een orgel, Flentrop giet het materiaal waarvan de pijpen gemaakt worden dan ook zelf. De pijpmakers laten in de werkplaats het gieten zien. Medewerker Jeroen Rijpkema vertelt meer over de technieken en materialen om een plaat te gieten en hoe je daarbij rekening houdt met de klank. (Reportage nr.2 van filmmaker Casper Steketee)<\/p>\n\n\n\n<p>An organ pipe is an essential part of an organ, Flentrop also casts the material from which the pipes are made. The pipe makers show the metal casting in the workshop. Jeroen Rijpkema tells more about the techniques and materials for casting a plate and how to take the sound into account. (Film no.2 by filmmaker Casper Steketee)<\/p>\n\n\n\n<hr class=\"wp-block-separator is-style-wide\"\/>\n\n\n\n<h2 class=\"wp-block-heading\">Der neue Spieltisch der M\u00f6llner Orgel<\/h2>\n\n\n\n<p>De Speeltafel van een orgel &#8211; The console of an organ (3)<\/p>\n\n\n\n<figure class=\"wp-block-embed is-type-rich is-provider-handler-einbetten wp-block-embed-handler-einbetten wp-embed-aspect-16-9 wp-has-aspect-ratio\"><div class=\"wp-block-embed__wrapper\">\n<iframe loading=\"lazy\" title=\"De Speeltafel van een orgel - The console of an organ (3)\" width=\"500\" height=\"281\" src=\"https:\/\/www.youtube.com\/embed\/UW6XNN8oNUs?feature=oembed\" frameborder=\"0\" allow=\"accelerometer; autoplay; clipboard-write; encrypted-media; gyroscope; picture-in-picture; web-share\" referrerpolicy=\"strict-origin-when-cross-origin\" allowfullscreen><\/iframe>\n<\/div><figcaption><strong>Sander van Egmond, Orgelbauer, seit 2016 im Dienst<\/strong><\/figcaption><\/figure>\n\n\n\n<p>Mechaniker Sander van Egmond spricht in Flentrops Werkstatt \u00fcber den Aufbau der Mechanik und der Kupplungsmechanismen f\u00fcr den Spieltisch. Es ist die Aufmerksamkeit f\u00fcr historische Details bei der Rekonstruktion und Restaurierung, die die Arbeit so besonders macht. (Film Nr. 3 von Filmemacher Casper Steketee)<\/p>\n\n\n\n<p>Mechaniekmaker Sander van Egmond vertelt in de werkplaats van Flentrop over de opbouw van het mechaniek en koppelmechanieken voor de speeltafel. Juist de aandacht voor historische details bij reconstructie en restauratie maakt het werk zo speciaal. (Reportage nr.3 van filmmaker Casper Steketee)<\/p>\n\n\n\n<p>Mechanics maker Sander van Egmond talks in Flentrop&#8217;s workshop about the structure of the mechanism and coupling mechanisms for the console. It is the attention to historical details during reconstruction and restoration that makes the work so special. (Film # 3 by filmmaker Casper Steketee)<\/p>\n\n\n\n<hr class=\"wp-block-separator is-style-wide\"\/>\n\n\n\n<h2 class=\"wp-block-heading\">Die B\u00e4lge<\/h2>\n\n\n\n<p>De Balgen &#8211; The Bellows (4)<\/p>\n\n\n\n<figure class=\"wp-block-embed is-type-rich is-provider-handler-einbetten wp-block-embed-handler-einbetten wp-embed-aspect-16-9 wp-has-aspect-ratio\"><div class=\"wp-block-embed__wrapper\">\n<iframe loading=\"lazy\" title=\"De Balgen - The Bellows (4)\" width=\"500\" height=\"281\" src=\"https:\/\/www.youtube.com\/embed\/URI6wJjnkig?feature=oembed\" frameborder=\"0\" allow=\"accelerometer; autoplay; clipboard-write; encrypted-media; gyroscope; picture-in-picture; web-share\" referrerpolicy=\"strict-origin-when-cross-origin\" allowfullscreen><\/iframe>\n<\/div><figcaption><strong>Paul Winkelmeijer, Monteur\/Pfeifenmacher, seit 1979 im Dienst<\/strong><\/figcaption><\/figure>\n\n\n\n<p>Orgelbauer Paul Winkelmeijer spricht in der Flentroper Werkstatt \u00fcber die Konstruktion der B\u00e4lge in der Orgel. Mit Erkl\u00e4rung \u00fcber den Winddruck, das Pumpen der B\u00e4lge von Hand und wie man einen sch\u00f6nen, ruhigen, stabilen Wind in der Orgel f\u00fcr den Klang macht. (Film Nr. 4 von Filmemacher Casper Steketee)<\/p>\n\n\n\n<p>Orgelmaker Paul Winkelmeijer vertelt in de werkplaats van Flentrop over de opbouw van de balgen in het orgel. Met uitleg over winddruk, balgen treden en het maken van een mooie, rustige, stabiele wind in het orgel voor de klank. (Reportage nr.4 van filmmaker Casper Steketee)<\/p>\n\n\n\n<p>Organ builder Paul Winkelmeijer talks in Flentrop&#8217;s workshop about the construction of the bellows in the organ. With explanation about wind pressure, pumping the bellows by hand and how to make a nice, calm, stable wind in the organ for the sound. (Film no.4 by filmmaker Casper Steketee)<\/p>\n\n\n\n<hr class=\"wp-block-separator is-style-wide\"\/>\n\n\n\n<h2 class=\"wp-block-heading\">Der Entwurf einer Orgel<\/h2>\n\n\n\n<p>Het Ontwerp van een orgel &#8211; Organ design (5)<\/p>\n\n\n\n<figure class=\"wp-block-embed is-type-rich is-provider-handler-einbetten wp-block-embed-handler-einbetten wp-embed-aspect-16-9 wp-has-aspect-ratio\"><div class=\"wp-block-embed__wrapper\">\n<iframe loading=\"lazy\" title=\"Het Ontwerp van een orgel - Organ design (5)\" width=\"500\" height=\"281\" src=\"https:\/\/www.youtube.com\/embed\/hYCoVf4Io_g?feature=oembed\" frameborder=\"0\" allow=\"accelerometer; autoplay; clipboard-write; encrypted-media; gyroscope; picture-in-picture; web-share\" referrerpolicy=\"strict-origin-when-cross-origin\" allowfullscreen><\/iframe>\n<\/div><figcaption><strong>Michel Lagrand, Zeichner, seit 1985 im Dienst<\/strong><\/figcaption><\/figure>\n\n\n\n<p>Der Zeichner Michel Lagrand spricht \u00fcber den Entwurf und die Zeichnung einer Orgel in Flentrops Zeichensaal. Von den Anf\u00e4ngen mit einem musikalischen und technischen Plan bis hin zur Entwicklung moderner 3D-Zeichnungen in CAD. Konstruktionszeichnungen, mit denen man durch die gesamte Orgel und den Raum, in dem sie stehen wird, reisen kann. (Film Nr. 5 von Filmemacher Casper Steketee)<\/p>\n\n\n\n<p>Tekenaar Michel Lagrand vertelt in de tekenkamer van Flentrop over het ontwerpen en tekenen van een orgel. Van de start met een muzikaal en technisch plan, tot het uitwerken van moderne 3D-tekeningen in CAD, Bouwtekeningen waarmee je door het hele orgel kunt reizen \u00e9n de ruimte waar het in komt te staan. (Reportage nr.5 van filmmaker Casper Steketee)<\/p>\n\n\n\n<p>Designer Michel Lagrand talks about designing and drawing an organ in Flentrop&#8217;s drawing room. From the start with a musical and technical plan, to the development of modern 3D drawings in CAD. Construction drawings that allow you to travel through the entire organ and the space in which it will be located. (Film no.5 by filmmaker Casper Steketee)<\/p>\n\n\n\n<hr class=\"wp-block-separator is-style-wide\"\/>\n\n\n\n<h2 class=\"wp-block-heading\">Die neue Windlade der M\u00f6llner Orgel<\/h2>\n\n\n\n<p>De Windlade van een orgel &#8211; The Soundboard (6)<\/p>\n\n\n\n<figure class=\"wp-block-embed is-type-rich is-provider-handler-einbetten wp-block-embed-handler-einbetten wp-embed-aspect-16-9 wp-has-aspect-ratio\"><div class=\"wp-block-embed__wrapper\">\n<iframe loading=\"lazy\" title=\"De Windlade van een orgel - The Soundboard (6)\" width=\"500\" height=\"281\" src=\"https:\/\/www.youtube.com\/embed\/xfXh4skuQN0?feature=oembed\" frameborder=\"0\" allow=\"accelerometer; autoplay; clipboard-write; encrypted-media; gyroscope; picture-in-picture; web-share\" referrerpolicy=\"strict-origin-when-cross-origin\" allowfullscreen><\/iframe>\n<\/div><figcaption><strong>Geert Spronk, Orgelbauer, seit 1990 im Dienst<\/strong><\/figcaption><\/figure>\n\n\n\n<p>Der Windladenmacher Geert Spronk spricht \u00fcber die Herstellung der Windladen einer Orgel in der Werkstatt von Flentrop. Er zeigt den Zusammenhang zwischen dem, was der Organist am Spieltisch tut, und der Bedienung der Windlade (Film Nr. 6 von Filmemacher Casper Steketee)<\/p>\n\n\n\n<p>Windladenmaker Geert Spronk vertelt in de werkplaats van Flentrop over het maken van de windlade van een orgel. Hij laat de samenhang zien tussen wat de organist doet aan de speeltafel en de werking van de windlade. (Reportage nr.6 van filmmaker Casper Steketee)<\/p>\n\n\n\n<p>Soundboard maker Geert Spronk talks about making the soundboards of an organ in Flentrop&#8217;s workshop. He shows the relationship between what the organist does at the console and the operation of the soundboard. (Film no.6 by filmmaker Casper Steketee)<\/p>\n\n\n\n<hr class=\"wp-block-separator is-style-wide\"\/>\n\n\n\n<h2 class=\"wp-block-heading\">Intonation einer Orgel<\/h2>\n\n\n\n<p>Intoneren van een orgel &#8211; Voicing an organ (7)<\/p>\n\n\n\n<figure class=\"wp-block-embed is-type-rich is-provider-handler-einbetten wp-block-embed-handler-einbetten wp-embed-aspect-16-9 wp-has-aspect-ratio\"><div class=\"wp-block-embed__wrapper\">\n<iframe loading=\"lazy\" title=\"Intoneren van een orgel - Voicing an organ (7)\" width=\"500\" height=\"281\" src=\"https:\/\/www.youtube.com\/embed\/D3xs_p9U3v4?feature=oembed\" frameborder=\"0\" allow=\"accelerometer; autoplay; clipboard-write; encrypted-media; gyroscope; picture-in-picture; web-share\" referrerpolicy=\"strict-origin-when-cross-origin\" allowfullscreen><\/iframe>\n<\/div><figcaption><strong>Klaas Koelewijn, Intonateur, seit 2015 im Dienst<br>Dick Koomans, Intonateur, seit 2000 im Dienst<\/strong><\/figcaption><\/figure>\n\n\n\n<p>Die Intonateure Klaas Koelewijn und Dick Koomans van Flentrop sprechen \u00fcber die heikle Arbeit der Intonation einer Orgel. Wie sorgt man f\u00fcr den Klang in den Pfeifen und wie stellt man sicher, dass er auch musikalisch ist? Ein Prozess, bei dem der Intonateur daf\u00fcr sorgt, dass sich der Klang sch\u00f6n mischt und lebendig wird. (Film Nr. 7 von Filmemacher Casper Steketee)<\/p>\n\n\n\n<p>Intonateurs Klaas Koelewijn en Dick Koomans van Flentrop vertellen over het fijnzinnige werk van de intonatie van een orgel. Hoe zorg je voor klank in de pijpen en hoe zorg je dat dit ook nog muzikaal wordt? Een proces waarin de intonateur zorgt dat de klank mooi gaat mengen en levendig wordt. (Film nr.7 van filmmaker Casper Steketee)<\/p>\n\n\n\n<p>Voicers Klaas Koelewijn and Dick Koomans van Flentrop talk about the delicate work of the voicing of an organ. How do you ensure sound in the pipes and how do you ensure that it&#8217;s also musical? A process in which the voicer ensures that the sound blends beautifully and becomes lively. (Film no.7 by filmmaker Casper Steketee)<\/p>\n\n\n\n<hr class=\"wp-block-separator is-style-wide\"\/>\n\n\n\n<h2 class=\"wp-block-heading\">Windf\u00fchrungsrohre einer Orgel<\/h2>\n\n\n\n<p>Vervoersstok orgel &#8211; Conveyancing board organ (8)<\/p>\n\n\n\n<figure class=\"wp-block-embed is-type-rich is-provider-handler-einbetten wp-block-embed-handler-einbetten wp-embed-aspect-16-9 wp-has-aspect-ratio\"><div class=\"wp-block-embed__wrapper\">\n<iframe loading=\"lazy\" title=\"Vervoersstok orgel - Conveyancing board organ (8)\" width=\"500\" height=\"281\" src=\"https:\/\/www.youtube.com\/embed\/6gAUClI5elY?feature=oembed\" frameborder=\"0\" allow=\"accelerometer; autoplay; clipboard-write; encrypted-media; gyroscope; picture-in-picture; web-share\" referrerpolicy=\"strict-origin-when-cross-origin\" allowfullscreen><\/iframe>\n<\/div><figcaption><strong>Klaas Koelewijn, Intonateur, seit 2015 im Dienst<\/strong><\/figcaption><\/figure>\n\n\n\n<p>Intonateur Klaas Koelewijn spricht \u00fcber die Verwendung eines &#8222;Windf\u00fchrungsstockes&#8220;, um allen Pfeifen in der Orgel einen Platz zu geben. (Film Nr. 8 von Filmemacher Casper Steketee)<\/p>\n\n\n\n<p>Intonateur Klaas Koelewijn vertelt over het gebruik van een &#8222;vervoersstok&#8220; om alle pijpen in het orgel een plekje te geven. (Reportage nr.9 van filmmaker Casper Steketee)<\/p>\n\n\n\n<p>Voicer Klaas Koelewijn talks about the use of a &#8222;conveyancing board&#8220; to give all the pipes in the organ a place. (Film no.8 by filmmaker Casper Steketee)<\/p>\n\n\n\n<hr class=\"wp-block-separator is-style-wide\"\/>\n","protected":false},"excerpt":{"rendered":"<p>Der Pfeifenmacher De Pijpmaker &#8211; The Pipe maker (1) Pfeifenmacher Dani\u00ebl van Horssen aus Flentrop zeigt in der Werkstatt wie sie eine Orgelpfeife herstellen, damit sie sch\u00f6n spricht. Eine sehr pr\u00e4zise und komlexe Arbeit. (Film Nr. 1 von Filmemacher Casper Steketee) Pijpmaker Dani\u00ebl van Horssen van Flentrop laat in de werkplaats zien hoe ze een [&hellip;]<\/p>\n","protected":false},"author":4,"featured_media":0,"parent":623,"menu_order":0,"comment_status":"closed","ping_status":"closed","template":"page-full-width.php","meta":{"footnotes":""},"class_list":["post-2766","page","type-page","status-publish","hentry"],"_links":{"self":[{"href":"https:\/\/orgelbauverein-moelln.de\/index.php?rest_route=\/wp\/v2\/pages\/2766","targetHints":{"allow":["GET"]}}],"collection":[{"href":"https:\/\/orgelbauverein-moelln.de\/index.php?rest_route=\/wp\/v2\/pages"}],"about":[{"href":"https:\/\/orgelbauverein-moelln.de\/index.php?rest_route=\/wp\/v2\/types\/page"}],"author":[{"embeddable":true,"href":"https:\/\/orgelbauverein-moelln.de\/index.php?rest_route=\/wp\/v2\/users\/4"}],"replies":[{"embeddable":true,"href":"https:\/\/orgelbauverein-moelln.de\/index.php?rest_route=%2Fwp%2Fv2%2Fcomments&post=2766"}],"version-history":[{"count":26,"href":"https:\/\/orgelbauverein-moelln.de\/index.php?rest_route=\/wp\/v2\/pages\/2766\/revisions"}],"predecessor-version":[{"id":2797,"href":"https:\/\/orgelbauverein-moelln.de\/index.php?rest_route=\/wp\/v2\/pages\/2766\/revisions\/2797"}],"up":[{"embeddable":true,"href":"https:\/\/orgelbauverein-moelln.de\/index.php?rest_route=\/wp\/v2\/pages\/623"}],"wp:attachment":[{"href":"https:\/\/orgelbauverein-moelln.de\/index.php?rest_route=%2Fwp%2Fv2%2Fmedia&parent=2766"}],"curies":[{"name":"wp","href":"https:\/\/api.w.org\/{rel}","templated":true}]}}